{"id":7446,"date":"2026-03-13T10:53:32","date_gmt":"2026-03-13T10:53:32","guid":{"rendered":"https:\/\/hadiyati.ma\/?post_type=product&#038;p=7446"},"modified":"2026-03-13T10:54:31","modified_gmt":"2026-03-13T10:54:31","slug":"t-shirt-personnalise-manches-longues-imprime-sur-mesure","status":"publish","type":"product","link":"https:\/\/hadiyati.ma\/en\/product\/t-shirt-personnalise-manches-longues-imprime-sur-mesure\/","title":{"rendered":"T-shirt Personnalis\u00e9 Manches Longues | Imprim\u00e9 Sur Mesure"},"content":{"rendered":"<p data-start=\"1232\" data-end=\"1513\">D\u00e9couvrez le <strong data-start=\"1245\" data-end=\"1287\">T-shirt Personnalis\u00e9 \u00e0 manches longues<\/strong> de <strong data-start=\"1291\" data-end=\"1305\">MeetPro.ma<\/strong>, con\u00e7u pour ceux qui veulent allier confort, style et originalit\u00e9. Fabriqu\u00e9 \u00e0 partir de <strong data-start=\"1394\" data-end=\"1423\">mati\u00e8res de haute qualit\u00e9<\/strong>, ce T-shirt est parfait pour toutes les saisons et offre une impression nette et durable.<\/p>\n<h3 data-start=\"1515\" data-end=\"1559\"><strong data-start=\"1522\" data-end=\"1559\">Personnalisation facile et rapide<\/strong><\/h3>\n<ul data-start=\"1560\" data-end=\"1712\">\n<li data-start=\"1560\" data-end=\"1610\">\n<p data-start=\"1562\" data-end=\"1610\">Ajoutez <strong data-start=\"1570\" data-end=\"1610\">texte, logo, illustrations ou photos<\/strong><\/p>\n<\/li>\n<li data-start=\"1611\" data-end=\"1669\">\n<p data-start=\"1613\" data-end=\"1669\">Choisissez la <strong data-start=\"1627\" data-end=\"1638\">couleur<\/strong>, la <strong data-start=\"1643\" data-end=\"1653\">taille<\/strong> et le <strong data-start=\"1660\" data-end=\"1669\">style<\/strong><\/p>\n<\/li>\n<li data-start=\"1670\" data-end=\"1712\">\n<p data-start=\"1672\" data-end=\"1712\">Visualisez votre design avant impression<\/p>\n<\/li>\n<\/ul>\n<h3 data-start=\"1714\" data-end=\"1770\"><strong data-start=\"1721\" data-end=\"1770\">Pourquoi choisir notre T-shirt personnalis\u00e9 ?<\/strong><\/h3>\n<ul data-start=\"1771\" data-end=\"1965\">\n<li data-start=\"1771\" data-end=\"1808\">\n<p data-start=\"1773\" data-end=\"1808\">Impression r\u00e9sistante dans le temps<\/p>\n<\/li>\n<li data-start=\"1809\" data-end=\"1855\">\n<p data-start=\"1811\" data-end=\"1855\">Tissu doux, confortable et agr\u00e9able \u00e0 porter<\/p>\n<\/li>\n<li data-start=\"1856\" data-end=\"1884\">\n<p data-start=\"1858\" data-end=\"1884\">Disponible du <strong data-start=\"1872\" data-end=\"1884\">S au XXL<\/strong><\/p>\n<\/li>\n<li data-start=\"1885\" data-end=\"1965\">\n<p data-start=\"1887\" data-end=\"1965\">Parfait pour <strong data-start=\"1900\" data-end=\"1965\">cadeaux, \u00e9quipes, \u00e9v\u00e9nements d\u2019entreprise et mode personnelle<\/strong><\/p>\n<\/li>\n<\/ul>\n<h3 data-start=\"1967\" data-end=\"1996\"><strong data-start=\"1974\" data-end=\"1996\">Livraison au Maroc<\/strong><\/h3>\n<p data-start=\"1997\" data-end=\"2089\">Nous livrons partout au Maroc avec suivi, emballage s\u00e9curis\u00e9 et options d\u2019exp\u00e9dition rapide.<\/p>\n<p data-start=\"2091\" data-end=\"2231\">Faites ressortir votre cr\u00e9ativit\u00e9 avec un T-shirt \u00e0 manches longues qui vous ressemble \u2014 <strong data-start=\"2180\" data-end=\"2229\">cr\u00e9ez le v\u00f4tre d\u00e8s aujourd\u2019hui sur MeetPro.ma<\/strong> !<\/p>","protected":false},"excerpt":{"rendered":"<p data-start=\"791\" data-end=\"1179\">Cr\u00e9ez <strong data-start=\"797\" data-end=\"845\">votre T-shirt personnalis\u00e9 \u00e0 manches longues<\/strong> \u2014 l\u2019impression sur mesure n\u2019a jamais \u00e9t\u00e9 aussi simple ! Choisissez votre style, couleur et design unique, ajoutez vos textes ou images pr\u00e9f\u00e9r\u00e9s et obtenez un <strong data-start=\"1021\" data-end=\"1054\">T-shirt de qualit\u00e9 sup\u00e9rieure<\/strong>, confortable et parfaitement adapt\u00e9 \u00e0 votre style. Id\u00e9al pour cadeaux, \u00e9v\u00e9nements, \u00e9quipes ou mode personnelle au quotidien.<\/p>","protected":false},"featured_media":7477,"comment_status":"open","ping_status":"closed","template":"","meta":[],"product_brand":[],"product_cat":[155],"product_tag":[],"class_list":{"0":"post-7446","1":"product","2":"type-product","3":"status-publish","4":"has-post-thumbnail","6":"product_cat-tenues-professionnelles-corporate","8":"first","9":"instock","10":"shipping-taxable","11":"purchasable","12":"product-type-variable","13":"has-default-attributes"},"_links":{"self":[{"href":"https:\/\/hadiyati.ma\/en\/wp-json\/wp\/v2\/product\/7446","targetHints":{"allow":["GET"]}}],"collection":[{"href":"https:\/\/hadiyati.ma\/en\/wp-json\/wp\/v2\/product"}],"about":[{"href":"https:\/\/hadiyati.ma\/en\/wp-json\/wp\/v2\/types\/product"}],"replies":[{"embeddable":true,"href":"https:\/\/hadiyati.ma\/en\/wp-json\/wp\/v2\/comments?post=7446"}],"wp:featuredmedia":[{"embeddable":true,"href":"https:\/\/hadiyati.ma\/en\/wp-json\/wp\/v2\/media\/7477"}],"wp:attachment":[{"href":"https:\/\/hadiyati.ma\/en\/wp-json\/wp\/v2\/media?parent=7446"}],"wp:term":[{"taxonomy":"product_brand","embeddable":true,"href":"https:\/\/hadiyati.ma\/en\/wp-json\/wp\/v2\/product_brand?post=7446"},{"taxonomy":"product_cat","embeddable":true,"href":"https:\/\/hadiyati.ma\/en\/wp-json\/wp\/v2\/product_cat?post=7446"},{"taxonomy":"product_tag","embeddable":true,"href":"https:\/\/hadiyati.ma\/en\/wp-json\/wp\/v2\/product_tag?post=7446"}],"curies":[{"name":"wp","href":"https:\/\/api.w.org\/{rel}","templated":true}]}}