{"id":7354,"date":"2026-03-13T10:51:37","date_gmt":"2026-03-13T10:51:37","guid":{"rendered":"https:\/\/hadiyati.ma\/?post_type=product&#038;p=7354"},"modified":"2026-03-13T10:52:50","modified_gmt":"2026-03-13T10:52:50","slug":"chaise-de-plage-personnalisee-avec-logo-meetpro-maroc","status":"publish","type":"product","link":"https:\/\/hadiyati.ma\/en\/product\/chaise-de-plage-personnalisee-avec-logo-meetpro-maroc\/","title":{"rendered":"Chaise de plage personnalis\u00e9e avec logo | MeetPro Maroc"},"content":{"rendered":"<p data-start=\"1018\" data-end=\"1288\">La <strong data-start=\"1021\" data-end=\"1054\">chaise de plage personnalis\u00e9e<\/strong> est un support de communication original et efficace pour les marques, h\u00f4tels, clubs de plage et organisateurs d\u2019\u00e9v\u00e9nements. Con\u00e7ue pour allier <strong data-start=\"1199\" data-end=\"1234\">confort, solidit\u00e9 et visibilit\u00e9<\/strong>, elle est parfaite pour une utilisation en ext\u00e9rieur.<\/p>\n<p data-start=\"1290\" data-end=\"1645\">Dot\u00e9e d\u2019une <strong data-start=\"1302\" data-end=\"1323\">structure robuste<\/strong> et d\u2019une <strong data-start=\"1333\" data-end=\"1358\">toile personnalisable<\/strong>, cette chaise de plage permet d\u2019imprimer votre <strong data-start=\"1406\" data-end=\"1445\">logo, slogan ou visuel publicitaire<\/strong>, transformant chaque chaise en v\u00e9ritable outil marketing. Elle est id\u00e9ale pour les <strong data-start=\"1529\" data-end=\"1547\">plages priv\u00e9es<\/strong>, <strong data-start=\"1549\" data-end=\"1559\">h\u00f4tels<\/strong>, <strong data-start=\"1561\" data-end=\"1573\">piscines<\/strong>, <strong data-start=\"1575\" data-end=\"1603\">\u00e9v\u00e9nements promotionnels<\/strong> et <strong data-start=\"1607\" data-end=\"1644\">campagnes publicitaires estivales<\/strong>.<\/p>\n<p data-start=\"1647\" data-end=\"1907\">Facile \u00e0 plier et \u00e0 transporter, la chaise de plage personnalis\u00e9e est pens\u00e9e pour un usage professionnel intensif. Les mat\u00e9riaux utilis\u00e9s sont r\u00e9sistants au soleil, \u00e0 l\u2019humidit\u00e9 et \u00e0 l\u2019usure, garantissant une longue dur\u00e9e de vie m\u00eame en conditions ext\u00e9rieures.<\/p>\n<p data-start=\"1909\" data-end=\"2067\">Chez <strong data-start=\"1914\" data-end=\"1931\">MeetPro Maroc<\/strong>, nous vous proposons une <strong data-start=\"1957\" data-end=\"1988\">personnalisation sur mesure<\/strong> afin d\u2019adapter la chaise \u00e0 votre image de marque et \u00e0 vos besoins sp\u00e9cifiques.<\/p>\n<h3 data-start=\"2069\" data-end=\"2122\">Avantages de la chaise de plage personnalis\u00e9e :<\/h3>\n<ul data-start=\"2123\" data-end=\"2388\">\n<li data-start=\"2123\" data-end=\"2163\">\n<p data-start=\"2125\" data-end=\"2163\">Personnalisation avec logo ou design<\/p>\n<\/li>\n<li data-start=\"2164\" data-end=\"2207\">\n<p data-start=\"2166\" data-end=\"2207\">Support publicitaire \u00e0 forte visibilit\u00e9<\/p>\n<\/li>\n<li data-start=\"2208\" data-end=\"2238\">\n<p data-start=\"2210\" data-end=\"2238\">Structure solide et stable<\/p>\n<\/li>\n<li data-start=\"2239\" data-end=\"2282\">\n<p data-start=\"2241\" data-end=\"2282\">Toile r\u00e9sistante aux UV et \u00e0 l\u2019humidit\u00e9<\/p>\n<\/li>\n<li data-start=\"2283\" data-end=\"2334\">\n<p data-start=\"2285\" data-end=\"2334\">Chaise pliante, facile \u00e0 stocker et transporter<\/p>\n<\/li>\n<li data-start=\"2335\" data-end=\"2388\">\n<p data-start=\"2337\" data-end=\"2388\">Id\u00e9ale pour h\u00f4tels, plages, \u00e9v\u00e9nements et marques<\/p>\n<\/li>\n<\/ul>\n<p data-start=\"2390\" data-end=\"2509\">Utilisation : ext\u00e9rieur<br data-start=\"2416\" data-end=\"2419\" \/>Livraison disponible partout au Maroc<br data-start=\"2459\" data-end=\"2462\" \/>Personnalisation professionnelle sur demande<\/p>","protected":false},"excerpt":{"rendered":"<p data-start=\"807\" data-end=\"959\">Chaise de plage personnalis\u00e9e, pliante et confortable. Personnalisation avec logo ou design sur toile, id\u00e9ale pour h\u00f4tels, plages priv\u00e9es et \u00e9v\u00e9nements.<\/p>","protected":false},"featured_media":7396,"comment_status":"open","ping_status":"closed","template":"","meta":{"inline_featured_image":false},"product_brand":[],"product_cat":[237],"product_tag":[],"class_list":{"0":"post-7354","1":"product","2":"type-product","3":"status-publish","4":"has-post-thumbnail","6":"product_cat-accessoires-de-plein-air","8":"first","9":"instock","10":"shipping-taxable","11":"purchasable","12":"product-type-variable","13":"has-default-attributes"},"_links":{"self":[{"href":"https:\/\/hadiyati.ma\/en\/wp-json\/wp\/v2\/product\/7354","targetHints":{"allow":["GET"]}}],"collection":[{"href":"https:\/\/hadiyati.ma\/en\/wp-json\/wp\/v2\/product"}],"about":[{"href":"https:\/\/hadiyati.ma\/en\/wp-json\/wp\/v2\/types\/product"}],"replies":[{"embeddable":true,"href":"https:\/\/hadiyati.ma\/en\/wp-json\/wp\/v2\/comments?post=7354"}],"wp:featuredmedia":[{"embeddable":true,"href":"https:\/\/hadiyati.ma\/en\/wp-json\/wp\/v2\/media\/7396"}],"wp:attachment":[{"href":"https:\/\/hadiyati.ma\/en\/wp-json\/wp\/v2\/media?parent=7354"}],"wp:term":[{"taxonomy":"product_brand","embeddable":true,"href":"https:\/\/hadiyati.ma\/en\/wp-json\/wp\/v2\/product_brand?post=7354"},{"taxonomy":"product_cat","embeddable":true,"href":"https:\/\/hadiyati.ma\/en\/wp-json\/wp\/v2\/product_cat?post=7354"},{"taxonomy":"product_tag","embeddable":true,"href":"https:\/\/hadiyati.ma\/en\/wp-json\/wp\/v2\/product_tag?post=7354"}],"curies":[{"name":"wp","href":"https:\/\/api.w.org\/{rel}","templated":true}]}}