{"id":7338,"date":"2026-03-13T10:51:12","date_gmt":"2026-03-13T10:51:12","guid":{"rendered":"https:\/\/hadiyati.ma\/?post_type=product&#038;p=7338"},"modified":"2026-03-13T10:52:27","modified_gmt":"2026-03-13T10:52:27","slug":"table-carree-blanche-personnalisee-70-cm-table-pro-meetpro-maroc","status":"publish","type":"product","link":"https:\/\/hadiyati.ma\/en\/product\/table-carree-blanche-personnalisee-70-cm-table-pro-meetpro-maroc\/","title":{"rendered":"Table Carr\u00e9e Blanche Personnalis\u00e9e 70 cm | Table Pro \u2013 MeetPro Maroc"},"content":{"rendered":"<p data-start=\"2358\" data-end=\"2613\">La <strong data-start=\"2361\" data-end=\"2405\">table carr\u00e9e blanche personnalis\u00e9e 70 cm<\/strong> est une solution id\u00e9ale pour les professionnels souhaitant un mobilier <strong data-start=\"2477\" data-end=\"2511\">compact, moderne et sur mesure<\/strong>. Elle convient parfaitement aux <strong data-start=\"2544\" data-end=\"2612\">caf\u00e9s, restaurants, bureaux, salles d\u2019attente et espaces r\u00e9duits<\/strong>.<\/p>\n<p data-start=\"2615\" data-end=\"2959\">Sa conception robuste garantit une excellente stabilit\u00e9, m\u00eame en utilisation intensive. Gr\u00e2ce aux options de <strong data-start=\"2724\" data-end=\"2744\">personnalisation<\/strong>, cette table peut \u00eatre adapt\u00e9e aux contraintes sp\u00e9cifiques de votre espace ou de votre activit\u00e9 professionnelle. Son design \u00e9pur\u00e9 et sa couleur blanche facilitent son int\u00e9gration dans tous les styles d\u2019am\u00e9nagement.<\/p>\n<p data-start=\"2961\" data-end=\"2995\"><strong data-start=\"2961\" data-end=\"2995\">Caract\u00e9ristiques principales :<\/strong><\/p>\n<ul data-start=\"2996\" data-end=\"3146\">\n<li data-start=\"2996\" data-end=\"3014\">\n<p data-start=\"2998\" data-end=\"3014\">Forme : Carr\u00e9e<\/p>\n<\/li>\n<li data-start=\"3015\" data-end=\"3051\">\n<p data-start=\"3017\" data-end=\"3051\">Dimensions : <strong data-start=\"3030\" data-end=\"3049\">70 x 70 x 70 cm<\/strong><\/p>\n<\/li>\n<li data-start=\"3052\" data-end=\"3073\">\n<p data-start=\"3054\" data-end=\"3073\">Couleur : Blanche<\/p>\n<\/li>\n<li data-start=\"3074\" data-end=\"3107\">\n<p data-start=\"3076\" data-end=\"3107\">Produit : <strong data-start=\"3086\" data-end=\"3105\">Personnalisable<\/strong><\/p>\n<\/li>\n<li data-start=\"3108\" data-end=\"3146\">\n<p data-start=\"3110\" data-end=\"3146\">Usage : Professionnel &amp; domestique<\/p>\n<\/li>\n<\/ul>\n<p data-start=\"3148\" data-end=\"3217\"><strong data-start=\"3151\" data-end=\"3192\">\u0637\u0627\u0648\u0644\u0629 \u0645\u0631\u0628\u0639\u0629 \u0628\u064a\u0636\u0627\u0621 70 \u0633\u0645 \u0642\u0627\u0628\u0644\u0629 \u0644\u0644\u062a\u062e\u0635\u064a\u0635<\/strong> \u0645\u0646\u0627\u0633\u0628\u0629 \u0644\u0644\u0645\u0642\u0627\u0647\u064a \u0648\u0627\u0644\u0645\u0643\u0627\u062a\u0628.<\/p>\n<p data-start=\"3219\" data-end=\"3308\">Disponible d\u00e8s maintenant sur <strong data-start=\"3249\" data-end=\"3263\">MeetPro.ma<\/strong>, avec <strong data-start=\"3270\" data-end=\"3307\">livraison rapide partout au Maroc<\/strong>.<\/p>","protected":false},"excerpt":{"rendered":"<p data-start=\"2165\" data-end=\"2325\">Table carr\u00e9e blanche <strong data-start=\"2186\" data-end=\"2216\">70 x 70 cm personnalisable<\/strong>, parfaite pour optimiser les espaces professionnels. Design moderne, robuste et adapt\u00e9e \u00e0 un usage intensif.<\/p>","protected":false},"featured_media":7393,"comment_status":"open","ping_status":"closed","template":"","meta":{"inline_featured_image":false},"product_brand":[],"product_cat":[237],"product_tag":[],"class_list":{"0":"post-7338","1":"product","2":"type-product","3":"status-publish","4":"has-post-thumbnail","6":"product_cat-accessoires-de-plein-air","8":"first","9":"instock","10":"shipping-taxable","11":"purchasable","12":"product-type-simple"},"_links":{"self":[{"href":"https:\/\/hadiyati.ma\/en\/wp-json\/wp\/v2\/product\/7338","targetHints":{"allow":["GET"]}}],"collection":[{"href":"https:\/\/hadiyati.ma\/en\/wp-json\/wp\/v2\/product"}],"about":[{"href":"https:\/\/hadiyati.ma\/en\/wp-json\/wp\/v2\/types\/product"}],"replies":[{"embeddable":true,"href":"https:\/\/hadiyati.ma\/en\/wp-json\/wp\/v2\/comments?post=7338"}],"wp:featuredmedia":[{"embeddable":true,"href":"https:\/\/hadiyati.ma\/en\/wp-json\/wp\/v2\/media\/7393"}],"wp:attachment":[{"href":"https:\/\/hadiyati.ma\/en\/wp-json\/wp\/v2\/media?parent=7338"}],"wp:term":[{"taxonomy":"product_brand","embeddable":true,"href":"https:\/\/hadiyati.ma\/en\/wp-json\/wp\/v2\/product_brand?post=7338"},{"taxonomy":"product_cat","embeddable":true,"href":"https:\/\/hadiyati.ma\/en\/wp-json\/wp\/v2\/product_cat?post=7338"},{"taxonomy":"product_tag","embeddable":true,"href":"https:\/\/hadiyati.ma\/en\/wp-json\/wp\/v2\/product_tag?post=7338"}],"curies":[{"name":"wp","href":"https:\/\/api.w.org\/{rel}","templated":true}]}}