{"id":7005,"date":"2026-03-13T10:47:29","date_gmt":"2026-03-13T10:47:29","guid":{"rendered":"https:\/\/hadiyati.ma\/?post_type=product&#038;p=7005"},"modified":"2026-03-13T10:47:51","modified_gmt":"2026-03-13T10:47:51","slug":"carnet-executive-line-personnalise-notebook-publicitaire-a5-professionnel","status":"publish","type":"product","link":"https:\/\/hadiyati.ma\/en\/product\/carnet-executive-line-personnalise-notebook-publicitaire-a5-professionnel\/","title":{"rendered":"Carnet Executive Line personnalis\u00e9 \u2013 Notebook publicitaire A5 professionnel"},"content":{"rendered":"<p>Ce <strong>carnet haut de gamme Executive Line<\/strong> en coloris <strong>Noir<\/strong> est l&rsquo;outil indispensable pour les professionnels et les esprits cr\u00e9atifs. Cat\u00e9goris\u00e9 dans nos <strong>Blocs-notes<\/strong> de luxe, il allie une esth\u00e9tique minimaliste et sophistiqu\u00e9e \u00e0 une fonctionnalit\u00e9 optimale. Son design \u00e9pur\u00e9, visible sur l&rsquo;image, avec une couverture rigide et une fermeture \u00e9lastique discr\u00e8te, assure une protection parfaite de vos \u00e9crits et conf\u00e8re une <strong>image professionnelle<\/strong> irr\u00e9prochable. Que ce soit pour des r\u00e9unions importantes, la prise de notes quotidiennes ou le <em>brainstorming<\/em>, ce <em>notebook<\/em> est con\u00e7u pour r\u00e9sister \u00e0 l&rsquo;\u00e9preuve du temps. En choisissant le <strong>Executive Line Notebook<\/strong>, vous investissez dans un article de papeterie qui rehausse votre organisation et votre productivit\u00e9. Il est disponible en plusieurs couleurs, dont le <strong>Bleu Marine<\/strong> et le <strong>Blanc<\/strong>, pour s&rsquo;adapter \u00e0 toutes vos pr\u00e9f\u00e9rences, mais le mod\u00e8le <strong>Noir<\/strong> reste la r\u00e9f\u00e9rence ultime en mati\u00e8re de <strong>bloc-notes professionnel et \u00e9l\u00e9gant<\/strong>.<\/p>","protected":false},"excerpt":{"rendered":"<p data-path-to-node=\"5\">Ce <b>bloc-notes professionnel Executive Line<\/b> est le choix id\u00e9al pour ceux qui recherchent un outil de prise de notes fiable et distingu\u00e9. Sa conception robuste et son format pratique garantissent que vos id\u00e9es importantes et vos rendez-vous restent organis\u00e9s et prot\u00e9g\u00e9s. <b>Optimisez votre SEO<\/b> avec ce <b>carnet noir de luxe<\/b> en le cat\u00e9gorisant sous <b>Blocs-notes<\/b> pour capturer l&rsquo;attention de vos clients exigeants.<\/p>","protected":false},"featured_media":7024,"comment_status":"open","ping_status":"closed","template":"","meta":{"inline_featured_image":false},"product_brand":[],"product_cat":[136],"product_tag":[],"class_list":{"0":"post-7005","1":"product","2":"type-product","3":"status-publish","4":"has-post-thumbnail","6":"product_cat-bloc-notes","8":"first","9":"instock","10":"shipping-taxable","11":"purchasable","12":"product-type-variable","13":"has-default-attributes"},"_links":{"self":[{"href":"https:\/\/hadiyati.ma\/en\/wp-json\/wp\/v2\/product\/7005","targetHints":{"allow":["GET"]}}],"collection":[{"href":"https:\/\/hadiyati.ma\/en\/wp-json\/wp\/v2\/product"}],"about":[{"href":"https:\/\/hadiyati.ma\/en\/wp-json\/wp\/v2\/types\/product"}],"replies":[{"embeddable":true,"href":"https:\/\/hadiyati.ma\/en\/wp-json\/wp\/v2\/comments?post=7005"}],"wp:featuredmedia":[{"embeddable":true,"href":"https:\/\/hadiyati.ma\/en\/wp-json\/wp\/v2\/media\/7024"}],"wp:attachment":[{"href":"https:\/\/hadiyati.ma\/en\/wp-json\/wp\/v2\/media?parent=7005"}],"wp:term":[{"taxonomy":"product_brand","embeddable":true,"href":"https:\/\/hadiyati.ma\/en\/wp-json\/wp\/v2\/product_brand?post=7005"},{"taxonomy":"product_cat","embeddable":true,"href":"https:\/\/hadiyati.ma\/en\/wp-json\/wp\/v2\/product_cat?post=7005"},{"taxonomy":"product_tag","embeddable":true,"href":"https:\/\/hadiyati.ma\/en\/wp-json\/wp\/v2\/product_tag?post=7005"}],"curies":[{"name":"wp","href":"https:\/\/api.w.org\/{rel}","templated":true}]}}