{"id":6968,"date":"2026-03-13T10:47:05","date_gmt":"2026-03-13T10:47:05","guid":{"rendered":"https:\/\/hadiyati.ma\/?post_type=product&#038;p=6968"},"modified":"2026-03-13T10:47:26","modified_gmt":"2026-03-13T10:47:26","slug":"sweat-hoodie-dima-maghrib-can-2025-supporters-maroc-personnalise","status":"publish","type":"product","link":"https:\/\/hadiyati.ma\/en\/product\/sweat-hoodie-dima-maghrib-can-2025-supporters-maroc-personnalise\/","title":{"rendered":"Sweat Hoodie Dima Maghrib CAN 2025 \u2013 Supporters Maroc Personnalis\u00e9"},"content":{"rendered":"<h3 data-start=\"1089\" data-end=\"1151\">Sweat Hoodie Dima Maghrib CAN 2025 \u2013 Supporters Maroc<\/h3>\r\n<p data-start=\"1153\" data-end=\"1409\">Montrez votre fiert\u00e9 nationale avec ce <strong data-start=\"1192\" data-end=\"1230\">sweat hoodie Dima Maghrib CAN 2025<\/strong>, con\u00e7u sp\u00e9cialement pour les supporters des Lions de l\u2019Atlas.<br data-start=\"1292\" data-end=\"1295\" \/>Ce sweat \u00e0 capuche est parfait pour les matchs, \u00e9v\u00e9nements sportifs, clubs, associations et cadeaux promotionnels.<\/p>\r\n<ul>\r\n<li data-start=\"1411\" data-end=\"1638\">Mati\u00e8re confortable et chaude<\/li>\r\n<li data-start=\"1411\" data-end=\"1638\">\u00a0Impression haute qualit\u00e9 et durable<\/li>\r\n<li data-start=\"1411\" data-end=\"1638\">\u00a0Personnalisable avec logo, texte ou design<\/li>\r\n<li data-start=\"1411\" data-end=\"1638\">\u00a0Id\u00e9al pour supporters, entreprises et fans de football<\/li>\r\n<li data-start=\"1411\" data-end=\"1638\">\u00a0Disponible en plusieurs tailles et couleurs<\/li>\r\n<\/ul>\r\n<p data-start=\"1640\" data-end=\"1775\">Ce hoodie <strong data-start=\"1650\" data-end=\"1675\">Dima Maghrib CAN 2025<\/strong> est un excellent choix pour promouvoir votre marque tout en soutenant l\u2019\u00e9quipe nationale marocaine.<\/p>","protected":false},"excerpt":{"rendered":"<p>Sweat et hoodie rouge et vert aux couleurs du Maroc, brod\u00e9s \u201cDima Maghrib\u201d. Pi\u00e8ce unique pour c\u00e9l\u00e9brer la CAN 2025.<\/p>","protected":false},"featured_media":6988,"comment_status":"open","ping_status":"closed","template":"","meta":{"inline_featured_image":false},"product_brand":[],"product_cat":[155],"product_tag":[],"class_list":{"0":"post-6968","1":"product","2":"type-product","3":"status-publish","4":"has-post-thumbnail","6":"product_cat-tenues-professionnelles-corporate","8":"first","9":"instock","10":"shipping-taxable","11":"purchasable","12":"product-type-simple"},"_links":{"self":[{"href":"https:\/\/hadiyati.ma\/en\/wp-json\/wp\/v2\/product\/6968","targetHints":{"allow":["GET"]}}],"collection":[{"href":"https:\/\/hadiyati.ma\/en\/wp-json\/wp\/v2\/product"}],"about":[{"href":"https:\/\/hadiyati.ma\/en\/wp-json\/wp\/v2\/types\/product"}],"replies":[{"embeddable":true,"href":"https:\/\/hadiyati.ma\/en\/wp-json\/wp\/v2\/comments?post=6968"}],"wp:featuredmedia":[{"embeddable":true,"href":"https:\/\/hadiyati.ma\/en\/wp-json\/wp\/v2\/media\/6988"}],"wp:attachment":[{"href":"https:\/\/hadiyati.ma\/en\/wp-json\/wp\/v2\/media?parent=6968"}],"wp:term":[{"taxonomy":"product_brand","embeddable":true,"href":"https:\/\/hadiyati.ma\/en\/wp-json\/wp\/v2\/product_brand?post=6968"},{"taxonomy":"product_cat","embeddable":true,"href":"https:\/\/hadiyati.ma\/en\/wp-json\/wp\/v2\/product_cat?post=6968"},{"taxonomy":"product_tag","embeddable":true,"href":"https:\/\/hadiyati.ma\/en\/wp-json\/wp\/v2\/product_tag?post=6968"}],"curies":[{"name":"wp","href":"https:\/\/api.w.org\/{rel}","templated":true}]}}