{"id":6894,"date":"2026-03-13T10:46:50","date_gmt":"2026-03-13T10:46:50","guid":{"rendered":"https:\/\/hadiyati.ma\/?post_type=product&#038;p=6894"},"modified":"2026-03-13T10:46:53","modified_gmt":"2026-03-13T10:46:53","slug":"stylo-bille-avec-embout-stylet-tactile-personnalise","status":"publish","type":"product","link":"https:\/\/hadiyati.ma\/en\/product\/stylo-bille-avec-embout-stylet-tactile-personnalise\/","title":{"rendered":"Stylo Bille avec Embout Stylet Tactile Personnalis\u00e9"},"content":{"rendered":"<h2 data-start=\"1336\" data-end=\"1406\">Stylo Bille avec Embout Tactile \u2013 Goodies Publicitaire Innovant<\/h2>\r\n<p data-start=\"1407\" data-end=\"1608\">Le <strong data-start=\"1410\" data-end=\"1452\">stylo bille avec embout stylet tactile<\/strong> est un accessoire moderne et pratique, id\u00e9al pour l\u2019\u00e9criture traditionnelle et l\u2019utilisation des \u00e9crans tactiles (smartphones, tablettes, iPad, Android).<\/p>\r\n<p data-start=\"1610\" data-end=\"1792\">Gr\u00e2ce \u00e0 son design \u00e9l\u00e9gant et professionnel, ce stylo multifonction est parfait comme <strong data-start=\"1696\" data-end=\"1791\">goodie publicitaire, cadeau d\u2019entreprise ou objet promotionnel personnalis\u00e9 avec votre logo<\/strong>.<\/p>\r\n<h3 data-start=\"1794\" data-end=\"1829\">Caract\u00e9ristiques du produit<\/h3>\r\n<ul data-start=\"1830\" data-end=\"2172\">\r\n<li data-start=\"1830\" data-end=\"1893\">\r\n<p data-start=\"1832\" data-end=\"1893\">Stylo bille avec encre fluide pour une \u00e9criture confortable<\/p>\r\n<\/li>\r\n<li data-start=\"1894\" data-end=\"1954\">\r\n<p data-start=\"1896\" data-end=\"1954\">Embout tactile capacitif compatible avec tous les \u00e9crans<\/p>\r\n<\/li>\r\n<li data-start=\"1955\" data-end=\"1994\">\r\n<p data-start=\"1957\" data-end=\"1994\">Design moderne avec clip m\u00e9tallique<\/p>\r\n<\/li>\r\n<li data-start=\"1995\" data-end=\"2051\">\r\n<p data-start=\"1997\" data-end=\"2051\">Corps ergonomique pour une prise en main confortable<\/p>\r\n<\/li>\r\n<li data-start=\"2052\" data-end=\"2105\">\r\n<p data-start=\"2054\" data-end=\"2105\">Personnalisation possible (logo, texte, branding)<\/p>\r\n<\/li>\r\n<li data-start=\"2106\" data-end=\"2172\">\r\n<p data-start=\"2108\" data-end=\"2172\">Id\u00e9al pour bureaux, salons, conf\u00e9rences et campagnes marketing<\/p>\r\n<\/li>\r\n<\/ul>\r\n<h3 data-start=\"2174\" data-end=\"2202\">Avantages marketing<\/h3>\r\n<ul data-start=\"2203\" data-end=\"2412\">\r\n<li data-start=\"2203\" data-end=\"2242\">\r\n<p data-start=\"2205\" data-end=\"2242\">Objet publicitaire utile et durable<\/p>\r\n<\/li>\r\n<li data-start=\"2243\" data-end=\"2285\">\r\n<p data-start=\"2245\" data-end=\"2285\">Renforce la visibilit\u00e9 de votre marque<\/p>\r\n<\/li>\r\n<li data-start=\"2286\" data-end=\"2345\">\r\n<p data-start=\"2288\" data-end=\"2345\">Cadeau corporate premium pour clients et collaborateurs<\/p>\r\n<\/li>\r\n<li data-start=\"2346\" data-end=\"2412\">\r\n<p data-start=\"2348\" data-end=\"2412\">Excellent rapport qualit\u00e9\/prix pour communication d\u2019entreprise<\/p>\r\n<\/li>\r\n<\/ul>","protected":false},"excerpt":{"rendered":"<p>D\u00e9couvrez notre <b>Stylo Bille avec Embout Stylus<\/b>, l&rsquo;outil id\u00e9al de la cat\u00e9gorie <b>Stylos &amp; \u00c9criture<\/b>. Il combine <b>\u00e9criture fluide<\/b> et <b>navigation tactile<\/b> pour smartphones\/tablettes. Disponible en <b>Noir, Blanc, Bleu, Rouge, Vert For\u00eat<\/b> et plus. Parfait pour une <b>personnalisation de logo<\/b> moderne et un <b>cadeau d&rsquo;entreprise<\/b> technologique.<\/p>","protected":false},"featured_media":6924,"comment_status":"open","ping_status":"closed","template":"","meta":{"inline_featured_image":false},"product_brand":[],"product_cat":[186],"product_tag":[],"class_list":{"0":"post-6894","1":"product","2":"type-product","3":"status-publish","4":"has-post-thumbnail","6":"product_cat-stylos-ecriture","8":"first","9":"instock","10":"shipping-taxable","11":"purchasable","12":"product-type-simple"},"_links":{"self":[{"href":"https:\/\/hadiyati.ma\/en\/wp-json\/wp\/v2\/product\/6894","targetHints":{"allow":["GET"]}}],"collection":[{"href":"https:\/\/hadiyati.ma\/en\/wp-json\/wp\/v2\/product"}],"about":[{"href":"https:\/\/hadiyati.ma\/en\/wp-json\/wp\/v2\/types\/product"}],"replies":[{"embeddable":true,"href":"https:\/\/hadiyati.ma\/en\/wp-json\/wp\/v2\/comments?post=6894"}],"wp:featuredmedia":[{"embeddable":true,"href":"https:\/\/hadiyati.ma\/en\/wp-json\/wp\/v2\/media\/6924"}],"wp:attachment":[{"href":"https:\/\/hadiyati.ma\/en\/wp-json\/wp\/v2\/media?parent=6894"}],"wp:term":[{"taxonomy":"product_brand","embeddable":true,"href":"https:\/\/hadiyati.ma\/en\/wp-json\/wp\/v2\/product_brand?post=6894"},{"taxonomy":"product_cat","embeddable":true,"href":"https:\/\/hadiyati.ma\/en\/wp-json\/wp\/v2\/product_cat?post=6894"},{"taxonomy":"product_tag","embeddable":true,"href":"https:\/\/hadiyati.ma\/en\/wp-json\/wp\/v2\/product_tag?post=6894"}],"curies":[{"name":"wp","href":"https:\/\/api.w.org\/{rel}","templated":true}]}}