{"id":6743,"date":"2026-03-13T10:46:06","date_gmt":"2026-03-13T10:46:06","guid":{"rendered":"https:\/\/hadiyati.ma\/?post_type=product&#038;p=6743"},"modified":"2026-03-13T10:46:42","modified_gmt":"2026-03-13T10:46:42","slug":"stylo-a-bille-personnalisable-avec-embout-tactile","status":"publish","type":"product","link":"https:\/\/hadiyati.ma\/en\/product\/stylo-a-bille-personnalisable-avec-embout-tactile\/","title":{"rendered":"Stylo \u00e0 Bille Personnalisable avec Embout Tactile"},"content":{"rendered":"<h3 data-start=\"1049\" data-end=\"1106\">Stylo \u00e0 Bille Personnalisable avec Embout Tactile<\/h3>\r\n<p data-start=\"1107\" data-end=\"1294\">Le stylo \u00e0 bille avec embout tactile personnalisable est un objet publicitaire innovant et pratique, id\u00e9al pour les entreprises, \u00e9v\u00e9nements, salons professionnels et cadeaux d\u2019affaires.<\/p>\r\n<p data-start=\"1296\" data-end=\"1576\">Gr\u00e2ce \u00e0 son <strong data-start=\"1308\" data-end=\"1351\">double usage (\u00e9criture + \u00e9cran tactile)<\/strong>, ce stylo publicitaire offre une excellente visibilit\u00e9 \u00e0 votre marque tout au long de l\u2019ann\u00e9e. Compatible avec smartphones, tablettes et \u00e9crans tactiles, il permet de naviguer facilement sans laisser de traces sur l\u2019\u00e9cran.<\/p>\r\n<p data-start=\"1578\" data-end=\"1598\"><strong data-start=\"1581\" data-end=\"1596\">Avantages :<\/strong><\/p>\r\n<ul data-start=\"1599\" data-end=\"1835\">\r\n<li data-start=\"1599\" data-end=\"1643\">\r\n<p data-start=\"1601\" data-end=\"1643\">Stylo bille fluide avec encre de qualit\u00e9<\/p>\r\n<\/li>\r\n<li data-start=\"1644\" data-end=\"1696\">\r\n<p data-start=\"1646\" data-end=\"1696\">Embout tactile compatible smartphone et tablette<\/p>\r\n<\/li>\r\n<li data-start=\"1697\" data-end=\"1760\">\r\n<p data-start=\"1699\" data-end=\"1760\">Personnalisation avec logo ou texte (impression ou gravure)<\/p>\r\n<\/li>\r\n<li data-start=\"1761\" data-end=\"1794\">\r\n<p data-start=\"1763\" data-end=\"1794\">Design moderne et ergonomique<\/p>\r\n<\/li>\r\n<li data-start=\"1795\" data-end=\"1835\">\r\n<p data-start=\"1797\" data-end=\"1835\">Cadeau promotionnel utile et durable<\/p>\r\n<\/li>\r\n<\/ul>\r\n<p data-start=\"1837\" data-end=\"2001\">Ce stylo personnalis\u00e9 est parfait pour renforcer votre image de marque, fid\u00e9liser vos clients et promouvoir votre entreprise de mani\u00e8re efficace et professionnelle.<\/p>","protected":false},"excerpt":{"rendered":"<p>D\u00e9couvrez le <b>stylo bille personnalisable avec embout tactile<\/b>. Un article moderne et pratique de la cat\u00e9gorie <b>Stylos &amp; \u00c9criture<\/b> qui combine <b>\u00e9criture fluide<\/b> et <b>utilisation num\u00e9rique<\/b> (smartphones\/tablettes). Disponible en <b>Noir, Blanc, Bleu, Vert, Rouge<\/b>, etc. Parfait pour la <b>personnalisation de logo<\/b> et vos <b>campagnes promotionnelles<\/b>.<\/p>","protected":false},"featured_media":6860,"comment_status":"open","ping_status":"closed","template":"","meta":[],"product_brand":[],"product_cat":[186],"product_tag":[],"class_list":{"0":"post-6743","1":"product","2":"type-product","3":"status-publish","4":"has-post-thumbnail","6":"product_cat-stylos-ecriture","8":"first","9":"instock","10":"sale","11":"shipping-taxable","12":"purchasable","13":"product-type-simple"},"_links":{"self":[{"href":"https:\/\/hadiyati.ma\/en\/wp-json\/wp\/v2\/product\/6743","targetHints":{"allow":["GET"]}}],"collection":[{"href":"https:\/\/hadiyati.ma\/en\/wp-json\/wp\/v2\/product"}],"about":[{"href":"https:\/\/hadiyati.ma\/en\/wp-json\/wp\/v2\/types\/product"}],"replies":[{"embeddable":true,"href":"https:\/\/hadiyati.ma\/en\/wp-json\/wp\/v2\/comments?post=6743"}],"wp:featuredmedia":[{"embeddable":true,"href":"https:\/\/hadiyati.ma\/en\/wp-json\/wp\/v2\/media\/6860"}],"wp:attachment":[{"href":"https:\/\/hadiyati.ma\/en\/wp-json\/wp\/v2\/media?parent=6743"}],"wp:term":[{"taxonomy":"product_brand","embeddable":true,"href":"https:\/\/hadiyati.ma\/en\/wp-json\/wp\/v2\/product_brand?post=6743"},{"taxonomy":"product_cat","embeddable":true,"href":"https:\/\/hadiyati.ma\/en\/wp-json\/wp\/v2\/product_cat?post=6743"},{"taxonomy":"product_tag","embeddable":true,"href":"https:\/\/hadiyati.ma\/en\/wp-json\/wp\/v2\/product_tag?post=6743"}],"curies":[{"name":"wp","href":"https:\/\/api.w.org\/{rel}","templated":true}]}}