{"id":6683,"date":"2026-03-13T10:45:17","date_gmt":"2026-03-13T10:45:17","guid":{"rendered":"https:\/\/hadiyati.ma\/?post_type=product&#038;p=6683"},"modified":"2026-03-13T10:46:25","modified_gmt":"2026-03-13T10:46:25","slug":"stylo-a-capuchon-slimline","status":"publish","type":"product","link":"https:\/\/hadiyati.ma\/en\/product\/stylo-a-capuchon-slimline\/","title":{"rendered":"Stylo \u00e0 capuchon \u201cSlimLine\u201d"},"content":{"rendered":"<p>Ajoutez une touche de couleur et de praticit\u00e9 \u00e0 votre trousse avec le <strong>Stylo \u00e0 capuchon \u00ab\u00a0SlimLine\u00a0\u00bb<\/strong>, un mod\u00e8le incontournable dans notre gamme <strong>Stylos &amp; \u00c9criture<\/strong>. Fid\u00e8le \u00e0 son nom, son <strong>design slim<\/strong> ultra-mince et <strong>l\u00e9ger<\/strong> assure une prise en main confortable et un transport facile. Ce <strong>stylo \u00e0 capuchon mince<\/strong> se distingue par son capuchon au design unique, qui peut servir d&rsquo;accroche pour le transporter partout. Disponible dans un arc-en-ciel de <strong>couleurs fluo<\/strong> et vives (jaune, rouge, vert, bleu, noir), il est parfait pour les \u00e9tudiants, les artistes ou pour ceux qui aiment organiser leurs notes par code couleur. Le <strong>Stylo SlimLine<\/strong> offre une \u00e9criture pr\u00e9cise et fiable, tout en \u00e9tant un accessoire fun et tendance. Faites le plein de couleurs avec ce stylo aussi pratique qu&rsquo;esth\u00e9tique.<\/p>","protected":false},"excerpt":{"rendered":"<p data-path-to-node=\"7\">Le <b>Stylo \u00e0 capuchon \u00ab\u00a0SlimLine\u00a0\u00bb<\/b> est le stylo <b>l\u00e9ger<\/b> et <b>mince<\/b> qu&rsquo;il vous faut dans la cat\u00e9gorie <b>Stylos &amp; \u00c9criture<\/b>. Avec son <b>design slim<\/b> et ses <b>couleurs fluo<\/b> vibrantes, il est parfait pour le code couleur. Son <b>stylo \u00e0 capuchon mince<\/b> unique le rend facile \u00e0 transporter. Un choix styl\u00e9 pour une <b>prise en main confortable<\/b> et une \u00e9criture amusante.<\/p>","protected":false},"featured_media":6800,"comment_status":"open","ping_status":"closed","template":"","meta":{"inline_featured_image":false},"product_brand":[],"product_cat":[186],"product_tag":[],"class_list":{"0":"post-6683","1":"product","2":"type-product","3":"status-publish","4":"has-post-thumbnail","6":"product_cat-stylos-ecriture","8":"first","9":"instock","10":"shipping-taxable","11":"purchasable","12":"product-type-simple"},"_links":{"self":[{"href":"https:\/\/hadiyati.ma\/en\/wp-json\/wp\/v2\/product\/6683","targetHints":{"allow":["GET"]}}],"collection":[{"href":"https:\/\/hadiyati.ma\/en\/wp-json\/wp\/v2\/product"}],"about":[{"href":"https:\/\/hadiyati.ma\/en\/wp-json\/wp\/v2\/types\/product"}],"replies":[{"embeddable":true,"href":"https:\/\/hadiyati.ma\/en\/wp-json\/wp\/v2\/comments?post=6683"}],"wp:featuredmedia":[{"embeddable":true,"href":"https:\/\/hadiyati.ma\/en\/wp-json\/wp\/v2\/media\/6800"}],"wp:attachment":[{"href":"https:\/\/hadiyati.ma\/en\/wp-json\/wp\/v2\/media?parent=6683"}],"wp:term":[{"taxonomy":"product_brand","embeddable":true,"href":"https:\/\/hadiyati.ma\/en\/wp-json\/wp\/v2\/product_brand?post=6683"},{"taxonomy":"product_cat","embeddable":true,"href":"https:\/\/hadiyati.ma\/en\/wp-json\/wp\/v2\/product_cat?post=6683"},{"taxonomy":"product_tag","embeddable":true,"href":"https:\/\/hadiyati.ma\/en\/wp-json\/wp\/v2\/product_tag?post=6683"}],"curies":[{"name":"wp","href":"https:\/\/api.w.org\/{rel}","templated":true}]}}