{"id":6682,"date":"2026-03-13T10:45:17","date_gmt":"2026-03-13T10:45:17","guid":{"rendered":"https:\/\/hadiyati.ma\/?post_type=product&#038;p=6682"},"modified":"2026-03-13T10:46:24","modified_gmt":"2026-03-13T10:46:24","slug":"stylo-ecometal","status":"publish","type":"product","link":"https:\/\/hadiyati.ma\/en\/product\/stylo-ecometal\/","title":{"rendered":"Stylo EcoMetal"},"content":{"rendered":"<h3 data-start=\"1518\" data-end=\"1579\">tylo \u00c9coMetal Personnalis\u00e9 \u2013 Goodie \u00c9cologique Premium<\/h3>\r\n<p data-start=\"1581\" data-end=\"1801\">Le <strong data-start=\"1584\" data-end=\"1615\">stylo \u00c9coMetal personnalis\u00e9<\/strong> est un objet publicitaire \u00e9cologique con\u00e7u pour les entreprises soucieuses de l\u2019environnement. Fabriqu\u00e9 en m\u00e9tal durable, il combine design \u00e9l\u00e9gant, robustesse et respect de la plan\u00e8te.<\/p>\r\n<p data-start=\"1803\" data-end=\"2022\">Id\u00e9al pour les cadeaux d\u2019entreprise, salons professionnels, campagnes marketing et \u00e9v\u00e9nements corporate, ce stylo publicitaire offre une excellente visibilit\u00e9 de votre marque gr\u00e2ce \u00e0 la personnalisation avec votre logo.<\/p>\r\n<p data-start=\"2024\" data-end=\"2175\">Son design moderne et sa finition premium en font un accessoire d\u2019\u00e9criture professionnel et \u00e9cologique, parfait pour renforcer votre image responsable.<\/p>\r\n<h3 data-start=\"2182\" data-end=\"2215\">Avantages du stylo \u00c9coMetal<\/h3>\r\n<ul data-start=\"2216\" data-end=\"2427\">\r\n<li data-start=\"2216\" data-end=\"2253\">\r\n<p data-start=\"2218\" data-end=\"2253\">Stylo \u00e9cologique en m\u00e9tal durable<\/p>\r\n<\/li>\r\n<li data-start=\"2254\" data-end=\"2308\">\r\n<p data-start=\"2256\" data-end=\"2308\">Personnalisation avec logo (gravure ou impression)<\/p>\r\n<\/li>\r\n<li data-start=\"2309\" data-end=\"2344\">\r\n<p data-start=\"2311\" data-end=\"2344\">Design \u00e9l\u00e9gant et professionnel<\/p>\r\n<\/li>\r\n<li data-start=\"2345\" data-end=\"2383\">\r\n<p data-start=\"2347\" data-end=\"2383\">Excellent support de communication<\/p>\r\n<\/li>\r\n<li data-start=\"2384\" data-end=\"2427\">\r\n<p data-start=\"2386\" data-end=\"2427\">Id\u00e9al comme cadeau promotionnel premium<\/p>\r\n<\/li>\r\n<\/ul>\r\n<h3 data-start=\"2434\" data-end=\"2453\">Utilisations<\/h3>\r\n<ul data-start=\"2454\" data-end=\"2566\">\r\n<li data-start=\"2454\" data-end=\"2478\">\r\n<p data-start=\"2456\" data-end=\"2478\">Cadeaux d\u2019entreprise<\/p>\r\n<\/li>\r\n<li data-start=\"2479\" data-end=\"2504\">\r\n<p data-start=\"2481\" data-end=\"2504\">Goodies publicitaires<\/p>\r\n<\/li>\r\n<li data-start=\"2505\" data-end=\"2534\">\r\n<p data-start=\"2507\" data-end=\"2534\">Conf\u00e9rences et \u00e9v\u00e9nements<\/p>\r\n<\/li>\r\n<li data-start=\"2535\" data-end=\"2566\">\r\n<p data-start=\"2537\" data-end=\"2566\">Marketing \u00e9cologique et RSE<\/p>\r\n<\/li>\r\n<\/ul>","protected":false},"excerpt":{"rendered":"<p data-path-to-node=\"7\">Le <b>Stylo EcoMetal<\/b> est le <b>stylo \u00e9cologique<\/b> par excellence dans notre gamme <b>Stylos &amp; \u00c9criture<\/b>. Fabriqu\u00e9 \u00e0 partir de <b>bambou et m\u00e9tal<\/b> recycl\u00e9, il combine l&rsquo;\u00e9l\u00e9gance du <b>design naturel<\/b> \u00e0 la durabilit\u00e9 des <b>mat\u00e9riaux durables<\/b>. Un choix responsable pour un <b>stylo publicitaire \u00e9cologique<\/b> ou pour votre usage quotidien.<\/p>","protected":false},"featured_media":6797,"comment_status":"open","ping_status":"closed","template":"","meta":{"inline_featured_image":false},"product_brand":[],"product_cat":[186],"product_tag":[],"class_list":{"0":"post-6682","1":"product","2":"type-product","3":"status-publish","4":"has-post-thumbnail","6":"product_cat-stylos-ecriture","8":"first","9":"instock","10":"shipping-taxable","11":"purchasable","12":"product-type-simple"},"_links":{"self":[{"href":"https:\/\/hadiyati.ma\/en\/wp-json\/wp\/v2\/product\/6682","targetHints":{"allow":["GET"]}}],"collection":[{"href":"https:\/\/hadiyati.ma\/en\/wp-json\/wp\/v2\/product"}],"about":[{"href":"https:\/\/hadiyati.ma\/en\/wp-json\/wp\/v2\/types\/product"}],"replies":[{"embeddable":true,"href":"https:\/\/hadiyati.ma\/en\/wp-json\/wp\/v2\/comments?post=6682"}],"wp:featuredmedia":[{"embeddable":true,"href":"https:\/\/hadiyati.ma\/en\/wp-json\/wp\/v2\/media\/6797"}],"wp:attachment":[{"href":"https:\/\/hadiyati.ma\/en\/wp-json\/wp\/v2\/media?parent=6682"}],"wp:term":[{"taxonomy":"product_brand","embeddable":true,"href":"https:\/\/hadiyati.ma\/en\/wp-json\/wp\/v2\/product_brand?post=6682"},{"taxonomy":"product_cat","embeddable":true,"href":"https:\/\/hadiyati.ma\/en\/wp-json\/wp\/v2\/product_cat?post=6682"},{"taxonomy":"product_tag","embeddable":true,"href":"https:\/\/hadiyati.ma\/en\/wp-json\/wp\/v2\/product_tag?post=6682"}],"curies":[{"name":"wp","href":"https:\/\/api.w.org\/{rel}","templated":true}]}}