{"id":6650,"date":"2026-03-13T10:44:40","date_gmt":"2026-03-13T10:44:40","guid":{"rendered":"https:\/\/hadiyati.ma\/?post_type=product&#038;p=6650"},"modified":"2026-03-13T10:46:14","modified_gmt":"2026-03-13T10:46:14","slug":"stylo-duogrip-confort-decriture-prise-ergonomique","status":"publish","type":"product","link":"https:\/\/hadiyati.ma\/en\/product\/stylo-duogrip-confort-decriture-prise-ergonomique\/","title":{"rendered":"Stylo DuoGrip \u2013 Confort d\u2019\u00e9criture &#038; prise ergonomique"},"content":{"rendered":"<p data-start=\"1034\" data-end=\"1091\"><strong data-start=\"1034\" data-end=\"1091\">Stylo DuoGrip \u2013 ergonomie, confort et \u00e9criture fluide<\/strong><\/p>\r\n<p data-start=\"1093\" data-end=\"1410\">Le <em data-start=\"1096\" data-end=\"1111\">Stylo DuoGrip<\/em> est sp\u00e9cialement con\u00e7u pour offrir <strong data-start=\"1147\" data-end=\"1208\">une prise en main confortable et une \u00e9criture sans effort<\/strong> au quotidien. Sa zone de grip douce r\u00e9duit la fatigue m\u00eame lors d\u2019\u00e9critures prolong\u00e9es, ce qui en fait un choix id\u00e9al pour les \u00e9tudiants, les professionnels et tous ceux qui prennent souvent des notes.<\/p>\r\n<p data-start=\"1412\" data-end=\"1732\">Gr\u00e2ce \u00e0 sa <strong data-start=\"1423\" data-end=\"1444\">pointe de qualit\u00e9<\/strong>, ce stylo assure une <strong data-start=\"1466\" data-end=\"1507\">\u00e9criture fluide, pr\u00e9cise et r\u00e9guli\u00e8re<\/strong>, parfaite pour les t\u00e2ches quotidiennes au bureau, \u00e0 l\u2019\u00e9cole ou \u00e0 la maison. Le design moderne et ergonomique du stylo DuoGrip le rend agr\u00e9able \u00e0 utiliser tout en ajoutant une touche professionnelle \u00e0 votre trousse ou bureau.<\/p>\r\n<h3 data-start=\"1734\" data-end=\"1763\">\u00a0Caract\u00e9ristiques cl\u00e9s :<\/h3>\r\n<ul data-start=\"1764\" data-end=\"1948\">\r\n<li data-start=\"1764\" data-end=\"1810\">\r\n<p data-start=\"1766\" data-end=\"1810\"><strong data-start=\"1766\" data-end=\"1786\">Grip ergonomique<\/strong> pour confort prolong\u00e9<\/p>\r\n<\/li>\r\n<li data-start=\"1811\" data-end=\"1843\">\r\n<p data-start=\"1813\" data-end=\"1843\"><strong data-start=\"1813\" data-end=\"1841\">\u00c9criture fluide et nette<\/strong><\/p>\r\n<\/li>\r\n<li data-start=\"1844\" data-end=\"1881\">\r\n<p data-start=\"1846\" data-end=\"1881\"><strong data-start=\"1846\" data-end=\"1879\">Design moderne et fonctionnel<\/strong><\/p>\r\n<\/li>\r\n<li data-start=\"1882\" data-end=\"1948\">\r\n<p data-start=\"1884\" data-end=\"1948\"><strong data-start=\"1884\" data-end=\"1948\">Convient au bureau, \u00e0 l\u2019\u00e9cole ou pour les notes personnelles<\/strong><\/p>\r\n<\/li>\r\n<\/ul>\r\n<p data-start=\"1950\" data-end=\"2159\">Ce stylo est un excellent choix pour ceux qui veulent allier <strong data-start=\"2011\" data-end=\"2048\">confort, fiabilit\u00e9 et performance<\/strong> dans un seul accessoire d\u2019\u00e9criture. Ajoutez-le \u00e0 votre collection ou offrez-le comme cadeau utile et pratique.<\/p>","protected":false},"excerpt":{"rendered":"<p data-path-to-node=\"7\">D\u00e9couvrez le <b>Stylo DuoGrip<\/b>, l&rsquo;outil ultime pour une <b>\u00e9criture confortable<\/b>, disponible dans notre s\u00e9lection <b>Stylos &amp; \u00c9criture<\/b>. Gr\u00e2ce \u00e0 son <b>grip ergonomique<\/b> et son <b>design bicolore<\/b> distinctif, ce <b>stylo design<\/b> r\u00e9duit la fatigue et garantit une performance fluide. Un choix moderne et original pour un usage quotidien.<\/p>","protected":false},"featured_media":6757,"comment_status":"open","ping_status":"closed","template":"","meta":{"inline_featured_image":false},"product_brand":[],"product_cat":[186],"product_tag":[],"class_list":{"0":"post-6650","1":"product","2":"type-product","3":"status-publish","4":"has-post-thumbnail","6":"product_cat-stylos-ecriture","8":"first","9":"instock","10":"shipping-taxable","11":"purchasable","12":"product-type-simple"},"_links":{"self":[{"href":"https:\/\/hadiyati.ma\/en\/wp-json\/wp\/v2\/product\/6650","targetHints":{"allow":["GET"]}}],"collection":[{"href":"https:\/\/hadiyati.ma\/en\/wp-json\/wp\/v2\/product"}],"about":[{"href":"https:\/\/hadiyati.ma\/en\/wp-json\/wp\/v2\/types\/product"}],"replies":[{"embeddable":true,"href":"https:\/\/hadiyati.ma\/en\/wp-json\/wp\/v2\/comments?post=6650"}],"wp:featuredmedia":[{"embeddable":true,"href":"https:\/\/hadiyati.ma\/en\/wp-json\/wp\/v2\/media\/6757"}],"wp:attachment":[{"href":"https:\/\/hadiyati.ma\/en\/wp-json\/wp\/v2\/media?parent=6650"}],"wp:term":[{"taxonomy":"product_brand","embeddable":true,"href":"https:\/\/hadiyati.ma\/en\/wp-json\/wp\/v2\/product_brand?post=6650"},{"taxonomy":"product_cat","embeddable":true,"href":"https:\/\/hadiyati.ma\/en\/wp-json\/wp\/v2\/product_cat?post=6650"},{"taxonomy":"product_tag","embeddable":true,"href":"https:\/\/hadiyati.ma\/en\/wp-json\/wp\/v2\/product_tag?post=6650"}],"curies":[{"name":"wp","href":"https:\/\/api.w.org\/{rel}","templated":true}]}}