{"id":6649,"date":"2026-03-13T10:44:40","date_gmt":"2026-03-13T10:44:40","guid":{"rendered":"https:\/\/hadiyati.ma\/?post_type=product&#038;p=6649"},"modified":"2026-03-13T10:46:13","modified_gmt":"2026-03-13T10:46:13","slug":"stylo-en-metal-et-bambou-ecologique-ecriture-fluide-durable","status":"publish","type":"product","link":"https:\/\/hadiyati.ma\/en\/product\/stylo-en-metal-et-bambou-ecologique-ecriture-fluide-durable\/","title":{"rendered":"Stylo en m\u00e9tal et bambou \u00e9cologique \u2013 \u00c9criture fluide &#038; durable"},"content":{"rendered":"<p data-start=\"1202\" data-end=\"1293\"><strong data-start=\"1202\" data-end=\"1293\">Stylo en m\u00e9tal et bambou \u00e9cologique \u2013 \u00e9criture \u00e9l\u00e9gante et impact r\u00e9duit sur la plan\u00e8te<\/strong><\/p>\r\n<p data-start=\"1295\" data-end=\"1692\">Le <em data-start=\"1298\" data-end=\"1335\">Stylo en m\u00e9tal et bambou \u00e9cologique<\/em> allie <strong data-start=\"1342\" data-end=\"1360\">design raffin\u00e9<\/strong>, <strong data-start=\"1362\" data-end=\"1383\">\u00e9coresponsabilit\u00e9<\/strong> et <strong data-start=\"1387\" data-end=\"1413\">performance d\u2019\u00e9criture<\/strong>, offrant une exp\u00e9rience fluide \u00e0 chaque utilisation. Fabriqu\u00e9 \u00e0 partir de mat\u00e9riaux durables \u2014 <strong data-start=\"1509\" data-end=\"1526\">m\u00e9tal robuste<\/strong> et <strong data-start=\"1530\" data-end=\"1561\">bambou naturel renouvelable<\/strong> \u2014 ce stylo r\u00e9duit l\u2019usage du plastique tout en conservant un style moderne et professionnel.<\/p>\r\n<p data-start=\"1694\" data-end=\"2102\">Le bambou est une <strong data-start=\"1712\" data-end=\"1755\">ressource naturelle \u00e0 croissance rapide<\/strong>, ce qui en fait un excellent choix pour r\u00e9duire l\u2019impact environnemental par rapport aux stylos en plastique. Gr\u00e2ce \u00e0 son m\u00e9canisme fiable et \u00e0 son corps confortable, ce stylo est parfait pour les <strong data-start=\"1991\" data-end=\"2002\">bureaux<\/strong>, les <strong data-start=\"2008\" data-end=\"2018\">\u00e9coles<\/strong>, ou comme <strong data-start=\"2029\" data-end=\"2063\">cadeau d\u2019entreprise \u00e9cologique<\/strong>.<\/p>\r\n<h3 data-start=\"2104\" data-end=\"2133\">Caract\u00e9ristiques cl\u00e9s :<\/h3>\r\n<ul data-start=\"2134\" data-end=\"2448\">\r\n<li data-start=\"2134\" data-end=\"2210\">\r\n<p data-start=\"2136\" data-end=\"2210\"><strong data-start=\"2140\" data-end=\"2162\">Mat\u00e9riaux durables<\/strong>\u202f: Corps en m\u00e9tal et d\u00e9tails en bambou naturel<\/p>\r\n<\/li>\r\n<li data-start=\"2211\" data-end=\"2303\">\r\n<p data-start=\"2213\" data-end=\"2303\"><strong data-start=\"2216\" data-end=\"2234\">\u00c9co\u2011conception<\/strong>\u202f: r\u00e9duction de plastique et recours \u00e0 des ressources renouvelables<\/p>\r\n<\/li>\r\n<li data-start=\"2304\" data-end=\"2372\">\r\n<p data-start=\"2306\" data-end=\"2372\"><strong data-start=\"2309\" data-end=\"2328\">\u00c9criture fluide<\/strong> pour une exp\u00e9rience agr\u00e9able au quotidien<\/p>\r\n<\/li>\r\n<li data-start=\"2373\" data-end=\"2448\">\r\n<p data-start=\"2375\" data-end=\"2448\"><strong data-start=\"2378\" data-end=\"2400\">Cadeau responsable<\/strong> pour entreprises, \u00e9v\u00e9nements ou usage personnel<\/p>\r\n<\/li>\r\n<\/ul>\r\n<p data-start=\"2450\" data-end=\"2670\">Ce stylo repr\u00e9sente une fusion parfaite entre <strong data-start=\"2496\" data-end=\"2518\">esth\u00e9tique moderne<\/strong> et <strong data-start=\"2522\" data-end=\"2547\">engagement \u00e9cologique<\/strong> \u2014 un choix intelligent pour ceux qui veulent allier style, fonctionnalit\u00e9 et une attitude respectueuse de l\u2019environnement.<\/p>","protected":false},"excerpt":{"rendered":"<p data-path-to-node=\"7\">Adoptez le <b>Stylo en m\u00e9tal et bambou \u00e9cologique<\/b>, un choix durable dans notre gamme <b>Stylos &amp; \u00c9criture<\/b>. Ce <b>stylo \u00e9cologique<\/b> utilise du <b>bambou biod\u00e9gradable<\/b> pour un grip confortable et est un excellent <b>cadeau d&rsquo;entreprise<\/b> ou <b>stylo publicitaire<\/b> pour mettre en valeur votre engagement environnemental. \u00c9criture fluide et design color\u00e9 responsable.<\/p>","protected":false},"featured_media":6754,"comment_status":"open","ping_status":"closed","template":"","meta":{"inline_featured_image":false},"product_brand":[],"product_cat":[186],"product_tag":[],"class_list":{"0":"post-6649","1":"product","2":"type-product","3":"status-publish","4":"has-post-thumbnail","6":"product_cat-stylos-ecriture","8":"first","9":"instock","10":"shipping-taxable","11":"purchasable","12":"product-type-simple"},"_links":{"self":[{"href":"https:\/\/hadiyati.ma\/en\/wp-json\/wp\/v2\/product\/6649","targetHints":{"allow":["GET"]}}],"collection":[{"href":"https:\/\/hadiyati.ma\/en\/wp-json\/wp\/v2\/product"}],"about":[{"href":"https:\/\/hadiyati.ma\/en\/wp-json\/wp\/v2\/types\/product"}],"replies":[{"embeddable":true,"href":"https:\/\/hadiyati.ma\/en\/wp-json\/wp\/v2\/comments?post=6649"}],"wp:featuredmedia":[{"embeddable":true,"href":"https:\/\/hadiyati.ma\/en\/wp-json\/wp\/v2\/media\/6754"}],"wp:attachment":[{"href":"https:\/\/hadiyati.ma\/en\/wp-json\/wp\/v2\/media?parent=6649"}],"wp:term":[{"taxonomy":"product_brand","embeddable":true,"href":"https:\/\/hadiyati.ma\/en\/wp-json\/wp\/v2\/product_brand?post=6649"},{"taxonomy":"product_cat","embeddable":true,"href":"https:\/\/hadiyati.ma\/en\/wp-json\/wp\/v2\/product_cat?post=6649"},{"taxonomy":"product_tag","embeddable":true,"href":"https:\/\/hadiyati.ma\/en\/wp-json\/wp\/v2\/product_tag?post=6649"}],"curies":[{"name":"wp","href":"https:\/\/api.w.org\/{rel}","templated":true}]}}