{"id":6646,"date":"2026-03-13T10:44:40","date_gmt":"2026-03-13T10:44:40","guid":{"rendered":"https:\/\/hadiyati.ma\/?post_type=product&#038;p=6646"},"modified":"2026-03-13T10:46:07","modified_gmt":"2026-03-13T10:46:07","slug":"bloc-note-intime-carnet-de-notes-elegant-pour-idees-pensees","status":"publish","type":"product","link":"https:\/\/hadiyati.ma\/en\/product\/bloc-note-intime-carnet-de-notes-elegant-pour-idees-pensees\/","title":{"rendered":"Bloc-note Intime \u2013 Carnet de notes \u00e9l\u00e9gant pour id\u00e9es &#038; pens\u00e9es"},"content":{"rendered":"<p data-start=\"1217\" data-end=\"1295\"><strong data-start=\"1217\" data-end=\"1295\">Bloc-note Intime \u2013 votre partenaire au quotidien pour id\u00e9es &amp; organisation<\/strong><\/p>\r\n<p data-start=\"1297\" data-end=\"1658\">Le <strong data-start=\"1300\" data-end=\"1320\">Bloc-note Intime<\/strong> est un carnet de notes polyvalent con\u00e7u pour vous accompagner partout : au <strong data-start=\"1396\" data-end=\"1406\">bureau<\/strong>, \u00e0 <strong data-start=\"1410\" data-end=\"1421\">l\u2019\u00e9cole<\/strong>, ou dans vos <strong data-start=\"1435\" data-end=\"1457\">moments personnels<\/strong>. Que vous souhaitiez noter vos id\u00e9es, planifier vos t\u00e2ches ou \u00e9crire vos pens\u00e9es du jour, ce bloc-note offre une solution pratique, \u00e9l\u00e9gante et facile \u00e0 utiliser.<\/p>\r\n<p data-start=\"1660\" data-end=\"1980\">Gr\u00e2ce \u00e0 ses pages de haute qualit\u00e9 et \u00e0 sa couverture raffin\u00e9e, ce carnet est non seulement fonctionnel, mais aussi agr\u00e9able \u00e0 manipuler. Il fait un excellent outil d\u2019organisation pour prendre des <strong data-start=\"1857\" data-end=\"1879\">notes quotidiennes<\/strong>, faire des <strong data-start=\"1891\" data-end=\"1911\">listes de t\u00e2ches<\/strong> ou tenir un journal personnel.<\/p>\r\n<h3 data-start=\"1982\" data-end=\"2018\">Caract\u00e9ristiques principales :<\/h3>\r\n<ul data-start=\"2019\" data-end=\"2297\">\r\n<li data-start=\"2019\" data-end=\"2093\">\r\n<p data-start=\"2021\" data-end=\"2093\"><strong data-start=\"2024\" data-end=\"2048\">Bloc-note polyvalent<\/strong> pour id\u00e9es, t\u00e2ches, pens\u00e9es et rendez-vous<\/p>\r\n<\/li>\r\n<li data-start=\"2094\" data-end=\"2152\">\r\n<p data-start=\"2096\" data-end=\"2152\"><strong data-start=\"2099\" data-end=\"2125\">Pages faciles \u00e0 \u00e9crire<\/strong> pour une \u00e9criture fluide<\/p>\r\n<\/li>\r\n<li data-start=\"2153\" data-end=\"2218\">\r\n<p data-start=\"2155\" data-end=\"2218\"><strong data-start=\"2158\" data-end=\"2176\">Design \u00e9l\u00e9gant<\/strong> adapt\u00e9 au bureau, \u00e0 l\u2019\u00e9cole ou chez soi<\/p>\r\n<\/li>\r\n<li data-start=\"2219\" data-end=\"2297\">\r\n<p data-start=\"2221\" data-end=\"2297\"><strong data-start=\"2224\" data-end=\"2255\">Id\u00e9al comme cadeau pratique<\/strong> pour \u00e9tudiants, professionnels ou proches<\/p>\r\n<\/li>\r\n<\/ul>\r\n<p data-start=\"2299\" data-end=\"2518\">Le bloc-note intime est un outil incontournable pour ceux qui veulent rester organis\u00e9s, cr\u00e9atifs et concentr\u00e9s sur leurs objectifs, tout en ayant un carnet \u00e9l\u00e9gant \u00e0 port\u00e9e de main.<\/p>","protected":false},"excerpt":{"rendered":"<p data-path-to-node=\"7\">Le <b>Bloc note Intime<\/b> est le <b>bloc notes<\/b> id\u00e9al pour une \u00e9criture personnelle. Avec sa couleur <b>vert flashy<\/b> et sa <b>boucle m\u00e9tallique<\/b>, ce carnet offre style et confidentialit\u00e9. Un <b>carnet original<\/b> pour des notes s\u00e9curis\u00e9es. <b>Achetez ce bloc-notes \u00e9l\u00e9gant<\/b> pour vos pens\u00e9es les plus importantes.<\/p>","protected":false},"featured_media":6746,"comment_status":"open","ping_status":"closed","template":"","meta":{"inline_featured_image":false},"product_brand":[],"product_cat":[136],"product_tag":[],"class_list":{"0":"post-6646","1":"product","2":"type-product","3":"status-publish","4":"has-post-thumbnail","6":"product_cat-bloc-notes","8":"first","9":"instock","10":"shipping-taxable","11":"product-type-simple"},"_links":{"self":[{"href":"https:\/\/hadiyati.ma\/en\/wp-json\/wp\/v2\/product\/6646","targetHints":{"allow":["GET"]}}],"collection":[{"href":"https:\/\/hadiyati.ma\/en\/wp-json\/wp\/v2\/product"}],"about":[{"href":"https:\/\/hadiyati.ma\/en\/wp-json\/wp\/v2\/types\/product"}],"replies":[{"embeddable":true,"href":"https:\/\/hadiyati.ma\/en\/wp-json\/wp\/v2\/comments?post=6646"}],"wp:featuredmedia":[{"embeddable":true,"href":"https:\/\/hadiyati.ma\/en\/wp-json\/wp\/v2\/media\/6746"}],"wp:attachment":[{"href":"https:\/\/hadiyati.ma\/en\/wp-json\/wp\/v2\/media?parent=6646"}],"wp:term":[{"taxonomy":"product_brand","embeddable":true,"href":"https:\/\/hadiyati.ma\/en\/wp-json\/wp\/v2\/product_brand?post=6646"},{"taxonomy":"product_cat","embeddable":true,"href":"https:\/\/hadiyati.ma\/en\/wp-json\/wp\/v2\/product_cat?post=6646"},{"taxonomy":"product_tag","embeddable":true,"href":"https:\/\/hadiyati.ma\/en\/wp-json\/wp\/v2\/product_tag?post=6646"}],"curies":[{"name":"wp","href":"https:\/\/api.w.org\/{rel}","templated":true}]}}