{"id":6612,"date":"2026-03-13T10:44:18","date_gmt":"2026-03-13T10:44:18","guid":{"rendered":"https:\/\/hadiyati.ma\/?post_type=product&#038;p=6612"},"modified":"2026-03-13T10:45:43","modified_gmt":"2026-03-13T10:45:43","slug":"bloc-note-ecomobiles-carnet-de-notes-pratique-utile","status":"publish","type":"product","link":"https:\/\/hadiyati.ma\/en\/product\/bloc-note-ecomobiles-carnet-de-notes-pratique-utile\/","title":{"rendered":"Bloc-note \u00c9comobiles \u2013 Carnet de notes pratique &#038; utile"},"content":{"rendered":"<p data-start=\"1176\" data-end=\"1239\"><strong data-start=\"1176\" data-end=\"1239\">Bloc-note \u00c9comobiles \u2013 organisation simple, \u00e9criture fluide<\/strong><\/p>\r\n<p data-start=\"1241\" data-end=\"1746\">Le <strong data-start=\"1244\" data-end=\"1268\">Bloc-note \u00c9comobiles<\/strong> est un carnet de notes polyvalent pens\u00e9 pour faciliter votre <strong data-start=\"1330\" data-end=\"1358\">organisation quotidienne<\/strong>. Que ce soit pour <strong data-start=\"1377\" data-end=\"1398\">prendre des notes<\/strong>, noter des <strong data-start=\"1410\" data-end=\"1431\">id\u00e9es importantes<\/strong>, suivre vos <strong data-start=\"1444\" data-end=\"1464\">listes de t\u00e2ches<\/strong> ou planifier vos rendez-vous, ce carnet devient un outil indispensable dans votre quotidien. Les carnets de notes comme celui-ci sont utilis\u00e9s par les professionnels, les \u00e9tudiants et tous ceux qui veulent garder leurs pens\u00e9es bien organis\u00e9es.<\/p>\r\n<p data-start=\"1748\" data-end=\"2203\">Fabriqu\u00e9 avec une couverture robuste et des pages de qualit\u00e9, ce bloc-note assure une <strong data-start=\"1834\" data-end=\"1875\">\u00e9criture fluide, nette et confortable<\/strong>. Son design pratique vous permet de l\u2019emporter partout \u2014 du <strong data-start=\"1936\" data-end=\"1956\">bureau \u00e0 l\u2019\u00e9cole<\/strong>, en passant par vos d\u00e9placements personnels. C\u2019est aussi un <strong data-start=\"2017\" data-end=\"2072\">excellent objet publicitaire ou cadeau d\u2019entreprise<\/strong>, offrant \u00e0 vos clients ou collaborateurs un support utile qu\u2019ils utiliseront tous les jours.<\/p>\r\n<h3 data-start=\"2205\" data-end=\"2234\">Caract\u00e9ristiques cl\u00e9s :<\/h3>\r\n<ul data-start=\"2235\" data-end=\"2484\">\r\n<li data-start=\"2235\" data-end=\"2313\">\r\n<p data-start=\"2237\" data-end=\"2313\"><strong data-start=\"2240\" data-end=\"2270\">Carnet de notes polyvalent<\/strong> \u2013 pour id\u00e9es, listes, t\u00e2ches et planning<\/p>\r\n<\/li>\r\n<li data-start=\"2314\" data-end=\"2366\">\r\n<p data-start=\"2316\" data-end=\"2366\"><strong data-start=\"2319\" data-end=\"2339\">Pages de qualit\u00e9<\/strong> pour une \u00e9criture fluide<\/p>\r\n<\/li>\r\n<li data-start=\"2367\" data-end=\"2424\">\r\n<p data-start=\"2369\" data-end=\"2424\"><strong data-start=\"2372\" data-end=\"2422\">Adapt\u00e9 au bureau, \u00e0 l\u2019\u00e9cole ou usage personnel<\/strong><\/p>\r\n<\/li>\r\n<li data-start=\"2425\" data-end=\"2484\">\r\n<p data-start=\"2427\" data-end=\"2484\"><strong data-start=\"2430\" data-end=\"2484\">Excellent comme cadeau utile ou objet publicitaire<\/strong><\/p>\r\n<\/li>\r\n<\/ul>\r\n<p data-start=\"2486\" data-end=\"2610\">Le <em data-start=\"2489\" data-end=\"2511\">Bloc-note \u00c9comobiles<\/em> est un choix pratique et durable pour ceux qui veulent rester organis\u00e9s et productifs chaque jour.<\/p>","protected":false},"excerpt":{"rendered":"<p data-path-to-node=\"7\">Le <b>Block note Prestige<\/b> est le <b>bloc notes<\/b> id\u00e9al pour un style moderne. Ce <b>carnet A5 \u00e0 couverture rigide<\/b> se distingue par sa combinaison unique de <b>feutre et de bambou<\/b>. Id\u00e9al pour un <b>bureau chic<\/b> ou comme <b>cadeau d&rsquo;entreprise<\/b> distingu\u00e9. <b>Achetez ce carnet \u00e9l\u00e9gant<\/b> pour vos notes quotidiennes.<\/p>","protected":false},"featured_media":6724,"comment_status":"open","ping_status":"closed","template":"","meta":{"inline_featured_image":false},"product_brand":[],"product_cat":[136],"product_tag":[],"class_list":{"0":"post-6612","1":"product","2":"type-product","3":"status-publish","4":"has-post-thumbnail","6":"product_cat-bloc-notes","8":"first","9":"instock","10":"shipping-taxable","11":"product-type-simple"},"_links":{"self":[{"href":"https:\/\/hadiyati.ma\/en\/wp-json\/wp\/v2\/product\/6612","targetHints":{"allow":["GET"]}}],"collection":[{"href":"https:\/\/hadiyati.ma\/en\/wp-json\/wp\/v2\/product"}],"about":[{"href":"https:\/\/hadiyati.ma\/en\/wp-json\/wp\/v2\/types\/product"}],"replies":[{"embeddable":true,"href":"https:\/\/hadiyati.ma\/en\/wp-json\/wp\/v2\/comments?post=6612"}],"wp:featuredmedia":[{"embeddable":true,"href":"https:\/\/hadiyati.ma\/en\/wp-json\/wp\/v2\/media\/6724"}],"wp:attachment":[{"href":"https:\/\/hadiyati.ma\/en\/wp-json\/wp\/v2\/media?parent=6612"}],"wp:term":[{"taxonomy":"product_brand","embeddable":true,"href":"https:\/\/hadiyati.ma\/en\/wp-json\/wp\/v2\/product_brand?post=6612"},{"taxonomy":"product_cat","embeddable":true,"href":"https:\/\/hadiyati.ma\/en\/wp-json\/wp\/v2\/product_cat?post=6612"},{"taxonomy":"product_tag","embeddable":true,"href":"https:\/\/hadiyati.ma\/en\/wp-json\/wp\/v2\/product_tag?post=6612"}],"curies":[{"name":"wp","href":"https:\/\/api.w.org\/{rel}","templated":true}]}}