{"id":6609,"date":"2026-03-13T10:44:17","date_gmt":"2026-03-13T10:44:17","guid":{"rendered":"https:\/\/hadiyati.ma\/?post_type=product&#038;p=6609"},"modified":"2026-03-13T10:45:24","modified_gmt":"2026-03-13T10:45:24","slug":"bloc-note-a-boucle-magnetique-carnet-organise-pratique","status":"publish","type":"product","link":"https:\/\/hadiyati.ma\/en\/product\/bloc-note-a-boucle-magnetique-carnet-organise-pratique\/","title":{"rendered":"Bloc\u2011note \u00e0 boucle magn\u00e9tique \u2013 Carnet organis\u00e9 &#038; pratique"},"content":{"rendered":"<p data-start=\"1098\" data-end=\"1174\"><strong data-start=\"1098\" data-end=\"1174\">Bloc\u2011note \u00e0 boucle magn\u00e9tique \u2013 organisation pratique et \u00e9criture fluide<\/strong><\/p>\r\n<p data-start=\"1176\" data-end=\"1465\">Le <strong data-start=\"1179\" data-end=\"1212\">Bloc\u2011note \u00e0 boucle magn\u00e9tique<\/strong> est un carnet de notes con\u00e7u pour ceux qui veulent <strong data-start=\"1264\" data-end=\"1308\">organiser leurs id\u00e9es, t\u00e2ches et projets<\/strong> de mani\u00e8re structur\u00e9e et \u00e9l\u00e9gante. Gr\u00e2ce \u00e0 sa <strong data-start=\"1355\" data-end=\"1388\">fermeture \u00e0 boucle magn\u00e9tique<\/strong>, vos pages restent bien ferm\u00e9es et vos notes prot\u00e9g\u00e9es, m\u00eame en d\u00e9placement.<\/p>\r\n<p data-start=\"1467\" data-end=\"1735\">Ce carnet polyvalent est id\u00e9al pour noter des id\u00e9es, faire des listes de t\u00e2ches, planifier des rendez\u2011vous, ou garder un journal personnel. Sa conception robuste et son design fonctionnel conviennent aussi bien \u00e0 un <strong data-start=\"1683\" data-end=\"1706\">usage professionnel<\/strong> qu\u2019\u00e0 un <strong data-start=\"1715\" data-end=\"1734\">usage quotidien<\/strong>.<\/p>\r\n<h3 data-start=\"1737\" data-end=\"1766\">Caract\u00e9ristiques cl\u00e9s :<\/h3>\r\n<ul data-start=\"1767\" data-end=\"2032\">\r\n<li data-start=\"1767\" data-end=\"1840\">\r\n<p data-start=\"1769\" data-end=\"1840\"><strong data-start=\"1772\" data-end=\"1805\">Fermeture magn\u00e9tique pratique<\/strong> pour garder le carnet bien ferm\u00e9<\/p>\r\n<\/li>\r\n<li data-start=\"1841\" data-end=\"1908\">\r\n<p data-start=\"1843\" data-end=\"1908\"><strong data-start=\"1846\" data-end=\"1866\">Pages de qualit\u00e9<\/strong> pour une \u00e9criture fluide et confortable<\/p>\r\n<\/li>\r\n<li data-start=\"1909\" data-end=\"1980\">\r\n<p data-start=\"1911\" data-end=\"1980\"><strong data-start=\"1914\" data-end=\"1960\">Parfait pour notes, listes et organisation<\/strong> de tous les jours<\/p>\r\n<\/li>\r\n<li data-start=\"1981\" data-end=\"2032\">\r\n<p data-start=\"1983\" data-end=\"2032\"><strong data-start=\"1986\" data-end=\"2032\">Adapt\u00e9 au bureau, \u00e9cole ou usage personnel<\/strong><\/p>\r\n<\/li>\r\n<\/ul>\r\n<p data-start=\"2034\" data-end=\"2153\">Organisez votre quotidien avec style gr\u00e2ce \u00e0 ce bloc\u2011note astucieux \u2014 m\u00e9lange de <strong data-start=\"2115\" data-end=\"2152\">praticit\u00e9, protection et \u00e9l\u00e9gance<\/strong>.<\/p>","protected":false},"excerpt":{"rendered":"<p data-path-to-node=\"7\">Le <b>Block note \u00e0 boucle magn\u00e9tique<\/b> est le <b>bloc notes<\/b> id\u00e9al pour rester organis\u00e9. Sa <b>fermeture magn\u00e9tique<\/b> pratique et son design moderne en font un <b>carnet professionnel<\/b> parfait. <b>Achetez ce carnet s\u00e9curis\u00e9<\/b> pour une touche de sophistication sur votre bureau.<\/p>","protected":false},"featured_media":6702,"comment_status":"open","ping_status":"closed","template":"","meta":{"inline_featured_image":false},"product_brand":[],"product_cat":[136],"product_tag":[],"class_list":{"0":"post-6609","1":"product","2":"type-product","3":"status-publish","4":"has-post-thumbnail","6":"product_cat-bloc-notes","8":"first","9":"instock","10":"shipping-taxable","11":"product-type-simple"},"_links":{"self":[{"href":"https:\/\/hadiyati.ma\/en\/wp-json\/wp\/v2\/product\/6609","targetHints":{"allow":["GET"]}}],"collection":[{"href":"https:\/\/hadiyati.ma\/en\/wp-json\/wp\/v2\/product"}],"about":[{"href":"https:\/\/hadiyati.ma\/en\/wp-json\/wp\/v2\/types\/product"}],"replies":[{"embeddable":true,"href":"https:\/\/hadiyati.ma\/en\/wp-json\/wp\/v2\/comments?post=6609"}],"wp:featuredmedia":[{"embeddable":true,"href":"https:\/\/hadiyati.ma\/en\/wp-json\/wp\/v2\/media\/6702"}],"wp:attachment":[{"href":"https:\/\/hadiyati.ma\/en\/wp-json\/wp\/v2\/media?parent=6609"}],"wp:term":[{"taxonomy":"product_brand","embeddable":true,"href":"https:\/\/hadiyati.ma\/en\/wp-json\/wp\/v2\/product_brand?post=6609"},{"taxonomy":"product_cat","embeddable":true,"href":"https:\/\/hadiyati.ma\/en\/wp-json\/wp\/v2\/product_cat?post=6609"},{"taxonomy":"product_tag","embeddable":true,"href":"https:\/\/hadiyati.ma\/en\/wp-json\/wp\/v2\/product_tag?post=6609"}],"curies":[{"name":"wp","href":"https:\/\/api.w.org\/{rel}","templated":true}]}}