{"id":6488,"date":"2026-03-13T10:43:38","date_gmt":"2026-03-13T10:43:38","guid":{"rendered":"https:\/\/hadiyati.ma\/?post_type=product&#038;p=6488"},"modified":"2026-03-13T12:03:59","modified_gmt":"2026-03-13T12:03:59","slug":"robe-de-graduation-premium-ceremonie-remise-de-diplome","status":"publish","type":"product","link":"https:\/\/hadiyati.ma\/en\/product\/robe-de-graduation-premium-ceremonie-remise-de-diplome\/","title":{"rendered":"Robe de Graduation Premium \u2013 C\u00e9r\u00e9monie &#038; Remise de Dipl\u00f4me"},"content":{"rendered":"<p>D\u00e9couvrez notre magnifique Robe de graduation en velours rouge \u00e0 la mode, con\u00e7ue avec soin pour marquer ce moment acad\u00e9mique sp\u00e9cial. Cette robe de doctorat \u00e9l\u00e9gante se distingue par ses d\u00e9tails raffin\u00e9s et son style unique \u00e0 8 c\u00f4t\u00e9s, orn\u00e9e de velours noir qui lui conf\u00e8re une touche de sophistication.<\/p>\n<p>Caract\u00e9ristiques de la robe de doctorat:<\/p>\n<ul>\n<li>Confection haut de gamme en utilisant un tissu de qualit\u00e9 sup\u00e9rieure avec une couture minutieuse.<\/li>\n<li>Fermeture \u00e0 glissi\u00e8re discr\u00e8te pour un ajustement parfait.<\/li>\n<li>Panneaux avant et manches orn\u00e9s de chevrons en velours, ajoutant une touche luxueuse \u00e0 l&rsquo;ensemble.<\/li>\n<li>Un superbe panneau de velours de 4 pouces de large s&rsquo;\u00e9tend des \u00e9paules jusqu&rsquo;au cou et se prolonge sur le devant de la robe de doctorat.<\/li>\n<li>Chevrons en velours de 2 pouces de large sur chaque panneau de manches.<\/li>\n<li>Volants d\u00e9taill\u00e9s et \u00e9l\u00e9gants sur les \u00e9paules et l&#8217;empi\u00e8cement.<\/li>\n<li>Compl\u00e9t\u00e9e par un cordon et un bouton sous l&#8217;empi\u00e8cement rembourr\u00e9 doux pour attacher une capuche acad\u00e9mique.<\/li>\n<li>Les manches cloche, fid\u00e8les \u00e0 la tradition des robes de doctorat, ajoutent une touche finale d&rsquo;\u00e9l\u00e9gance.<\/li>\n<\/ul>\n<p>Caract\u00e9ristiques du Tam de Doctorat:<\/p>\n<ul>\n<li>Fabriqu\u00e9 \u00e0 partir de velours noir pelucheux, agr\u00e9ment\u00e9 d&rsquo;un pompon fixe en or pour une apparence prestigieuse.<\/li>\n<li>La taille est ajustable gr\u00e2ce \u00e0 un bo\u00eetier velcro, offrant un tour de t\u00eate allant de 21&Prime; \u00e0 24&Prime;.<\/li>\n<\/ul>\n<p>&nbsp;<\/p>\n<p>Type de produit: Robe de graduation en Velours Rouge \u00e0 8 C\u00f4t\u00e9s avec Tam de Doctorat<\/p>\n<p>Soyez pr\u00eat(e) \u00e0 briller lors de votre c\u00e9r\u00e9monie de soutenance avec notre robe de doctorat en velours rouge exquise, alliant tradition et modernit\u00e9 dans un design unique \u00e0 8 c\u00f4t\u00e9s. Faites une d\u00e9claration de style en c\u00e9l\u00e9brant vos r\u00e9alisations acad\u00e9miques avec \u00e9l\u00e9gance et distinction.<\/p>","protected":false},"excerpt":{"rendered":"<p>Robe de Graduation en Velours Rouge \u00e0 la Mode avec 8 C\u00f4t\u00e9s Noirs<\/p>","protected":false},"featured_media":6232,"comment_status":"open","ping_status":"closed","template":"","meta":{"inline_featured_image":false},"product_brand":[],"product_cat":[155],"product_tag":[],"class_list":{"0":"post-6488","1":"product","2":"type-product","3":"status-publish","4":"has-post-thumbnail","6":"product_cat-tenues-professionnelles-corporate","8":"first","9":"instock","10":"shipping-taxable","11":"purchasable","12":"product-type-simple"},"_links":{"self":[{"href":"https:\/\/hadiyati.ma\/en\/wp-json\/wp\/v2\/product\/6488","targetHints":{"allow":["GET"]}}],"collection":[{"href":"https:\/\/hadiyati.ma\/en\/wp-json\/wp\/v2\/product"}],"about":[{"href":"https:\/\/hadiyati.ma\/en\/wp-json\/wp\/v2\/types\/product"}],"replies":[{"embeddable":true,"href":"https:\/\/hadiyati.ma\/en\/wp-json\/wp\/v2\/comments?post=6488"}],"wp:featuredmedia":[{"embeddable":true,"href":"https:\/\/hadiyati.ma\/en\/wp-json\/wp\/v2\/media\/6232"}],"wp:attachment":[{"href":"https:\/\/hadiyati.ma\/en\/wp-json\/wp\/v2\/media?parent=6488"}],"wp:term":[{"taxonomy":"product_brand","embeddable":true,"href":"https:\/\/hadiyati.ma\/en\/wp-json\/wp\/v2\/product_brand?post=6488"},{"taxonomy":"product_cat","embeddable":true,"href":"https:\/\/hadiyati.ma\/en\/wp-json\/wp\/v2\/product_cat?post=6488"},{"taxonomy":"product_tag","embeddable":true,"href":"https:\/\/hadiyati.ma\/en\/wp-json\/wp\/v2\/product_tag?post=6488"}],"curies":[{"name":"wp","href":"https:\/\/api.w.org\/{rel}","templated":true}]}}