{"id":6469,"date":"2026-03-12T14:49:31","date_gmt":"2026-03-12T14:49:31","guid":{"rendered":"https:\/\/hadiyati.ma\/?post_type=product&#038;p=6469"},"modified":"2026-03-13T10:44:56","modified_gmt":"2026-03-13T10:44:56","slug":"crayon-personnalise-crayons-publicitaires-goodies-meetpro","status":"publish","type":"product","link":"https:\/\/hadiyati.ma\/en\/product\/crayon-personnalise-crayons-publicitaires-goodies-meetpro\/","title":{"rendered":"Crayon Personnalis\u00e9 \u2013 Crayons Publicitaires &#038; Goodies | MeetPro"},"content":{"rendered":"<p data-start=\"1780\" data-end=\"2295\">Le <strong data-start=\"1783\" data-end=\"1806\">crayon personnalis\u00e9<\/strong> est un outil d\u2019\u00e9criture simple, utile et extr\u00eamement efficace pour renforcer votre communication visuelle tout en offrant un objet pratique \u00e0 vos clients, collaborateurs ou participants. Qu\u2019il s\u2019agisse d\u2019un <strong data-start=\"2014\" data-end=\"2037\">goodie publicitaire<\/strong>, d\u2019un cadeau d\u2019entreprise ou d\u2019un objet promotionnel distribu\u00e9 lors d\u2019\u00e9v\u00e9nements, salons ou campagnes marketing, le crayon personnalis\u00e9 devient un <strong data-start=\"2185\" data-end=\"2222\">support quotidien de votre marque<\/strong>, visible \u00e0 chaque prise de note.<\/p>\r\n<p data-start=\"2302\" data-end=\"2702\"><strong data-start=\"2305\" data-end=\"2342\">Personnalisation pour votre image<\/strong><br data-start=\"2342\" data-end=\"2345\" \/>Personnaliser un crayon avec votre <strong data-start=\"2382\" data-end=\"2417\">logo, message, slogan ou visuel<\/strong> transforme un objet du quotidien en un vecteur de communication discret mais impactant. Cette personnalisation peut \u00eatre r\u00e9alis\u00e9e avec diff\u00e9rentes techniques de marquage, assurant une finition nette, durable et adapt\u00e9e \u00e0 votre charte graphique.<\/p>\r\n<p data-start=\"2709\" data-end=\"2762\"><strong data-start=\"2712\" data-end=\"2760\">Pourquoi choisir nos crayons personnalis\u00e9s ?<\/strong><\/p>\r\n<ul data-start=\"2765\" data-end=\"3670\">\r\n<li data-start=\"2765\" data-end=\"2990\">\r\n<p data-start=\"2767\" data-end=\"2990\"><strong data-start=\"2767\" data-end=\"2793\">Visibilit\u00e9 quotidienne<\/strong> : Les crayons sont utilis\u00e9s partout \u2014 au bureau, \u00e0 l\u2019\u00e9cole, lors de r\u00e9unions ou d\u2019activit\u00e9s cr\u00e9atives \u2014 garantissant une exposition r\u00e9p\u00e9t\u00e9e de votre marque.<\/p>\r\n<\/li>\r\n<li data-start=\"2993\" data-end=\"3241\">\r\n<p data-start=\"2995\" data-end=\"3241\"><strong data-start=\"2995\" data-end=\"3029\">Support publicitaire abordable<\/strong> : Parfaits pour les campagnes avec des budgets marketing vari\u00e9s, les crayons personnalis\u00e9s offrent un excellent retour sur investissement en mati\u00e8re de visibilit\u00e9 marqu\u00e9e.<\/p>\r\n<\/li>\r\n<li data-start=\"3244\" data-end=\"3445\">\r\n<p data-start=\"3246\" data-end=\"3445\"><strong data-start=\"3246\" data-end=\"3278\">Adapt\u00e9s \u00e0 tous les contextes<\/strong> : Ils sont id\u00e9als pour des goodies lors de conf\u00e9rences, cadeaux clients ou m\u00eame packs de bienvenue pour \u00e9tudiants ou employ\u00e9s.<\/p>\r\n<\/li>\r\n<li data-start=\"3448\" data-end=\"3666\">\r\n<p data-start=\"3450\" data-end=\"3666\"><strong data-start=\"3450\" data-end=\"3482\">Multiples styles disponibles<\/strong> : Choisissez entre des crayons en bois classiques, des crayons de couleur ou m\u00eame des mod\u00e8les plus cr\u00e9atifs pour correspondre \u00e0 votre audience.<\/p>\r\n<\/li>\r\n<\/ul>\r\n<p data-start=\"3673\" data-end=\"4415\"><strong data-start=\"3676\" data-end=\"3712\">Applications &amp; occasions d\u2019usage<\/strong><br data-start=\"3712\" data-end=\"3715\" \/>\u2022 <strong data-start=\"3719\" data-end=\"3746\">\u00c9v\u00e9nements d\u2019entreprise<\/strong> : Distribution lors de salons, foires ou lancements de produits pour marquer les esprits avec un objet utile. <br data-start=\"3894\" data-end=\"3897\" \/>\u2022 <strong data-start=\"3901\" data-end=\"3935\">Cadeaux clients et partenaires<\/strong> : Ajoutez une touche personnelle \u00e0 vos cadeaux d\u2019affaires avec des crayons grav\u00e9s \u00e0 votre image. <br data-start=\"4070\" data-end=\"4073\" \/>\u2022 <strong data-start=\"4077\" data-end=\"4109\">Kits promotionnels scolaires<\/strong> : Parfaits pour \u00e9coles, universit\u00e9s ou centres de formation, ils accompagnent l\u2019\u00e9criture au quotidien. <br data-start=\"4250\" data-end=\"4253\" \/>\u2022 <strong data-start=\"4257\" data-end=\"4280\">Activit\u00e9s cr\u00e9atives<\/strong> : Offrez des crayons de couleur personnalis\u00e9s pour encourager la cr\u00e9ativit\u00e9 et l\u2019engagement.<\/p>\r\n<p data-start=\"4422\" data-end=\"4690\">Gr\u00e2ce \u00e0 leur utilit\u00e9 universelle et \u00e0 leur capacit\u00e9 \u00e0 diffuser votre message chaque jour, les <strong data-start=\"4516\" data-end=\"4541\">crayons personnalis\u00e9s<\/strong> constituent un choix strat\u00e9gique et \u00e9conomique pour toute strat\u00e9gie de communication ou cadeau d\u2019entreprise.<\/p>","protected":false},"excerpt":{"rendered":"<p>Offrez un <strong data-start=\"936\" data-end=\"959\">crayon personnalis\u00e9<\/strong> pratique et styl\u00e9 pour vos \u00e9v\u00e9nements, campagnes publicitaires ou cadeaux d\u2019entreprise. L\u00e9ger et facile \u00e0 utiliser, ce crayon peut \u00eatre marqu\u00e9 avec votre <strong data-start=\"1114\" data-end=\"1138\">logo, nom ou message<\/strong> pour une visibilit\u00e9 quotidienne. Id\u00e9al pour salons, conf\u00e9rences ou kits promotionnels, ce goodies classique reste un support efficace et \u00e9conomique pour augmenter la notori\u00e9t\u00e9 de votre marque. Les crayons personnalis\u00e9s s\u00e9duisent par leur simplicit\u00e9, leur utilit\u00e9 et leur capacit\u00e9 \u00e0 laisser une impression durable dans l\u2019esprit de vos clients et partenaires.<\/p>","protected":false},"featured_media":6664,"comment_status":"open","ping_status":"closed","template":"","meta":{"inline_featured_image":false},"product_brand":[],"product_cat":[186],"product_tag":[],"class_list":{"0":"post-6469","1":"product","2":"type-product","3":"status-publish","4":"has-post-thumbnail","6":"product_cat-stylos-ecriture","8":"first","9":"instock","10":"shipping-taxable","11":"purchasable","12":"product-type-simple"},"_links":{"self":[{"href":"https:\/\/hadiyati.ma\/en\/wp-json\/wp\/v2\/product\/6469","targetHints":{"allow":["GET"]}}],"collection":[{"href":"https:\/\/hadiyati.ma\/en\/wp-json\/wp\/v2\/product"}],"about":[{"href":"https:\/\/hadiyati.ma\/en\/wp-json\/wp\/v2\/types\/product"}],"replies":[{"embeddable":true,"href":"https:\/\/hadiyati.ma\/en\/wp-json\/wp\/v2\/comments?post=6469"}],"wp:featuredmedia":[{"embeddable":true,"href":"https:\/\/hadiyati.ma\/en\/wp-json\/wp\/v2\/media\/6664"}],"wp:attachment":[{"href":"https:\/\/hadiyati.ma\/en\/wp-json\/wp\/v2\/media?parent=6469"}],"wp:term":[{"taxonomy":"product_brand","embeddable":true,"href":"https:\/\/hadiyati.ma\/en\/wp-json\/wp\/v2\/product_brand?post=6469"},{"taxonomy":"product_cat","embeddable":true,"href":"https:\/\/hadiyati.ma\/en\/wp-json\/wp\/v2\/product_cat?post=6469"},{"taxonomy":"product_tag","embeddable":true,"href":"https:\/\/hadiyati.ma\/en\/wp-json\/wp\/v2\/product_tag?post=6469"}],"curies":[{"name":"wp","href":"https:\/\/api.w.org\/{rel}","templated":true}]}}