{"id":6466,"date":"2026-03-12T14:49:31","date_gmt":"2026-03-12T14:49:31","guid":{"rendered":"https:\/\/hadiyati.ma\/?post_type=product&#038;p=6466"},"modified":"2026-03-13T10:47:01","modified_gmt":"2026-03-13T10:47:01","slug":"bloc-note-alpha-personnalise-cahier-bloc-notes-premium-meetpro","status":"publish","type":"product","link":"https:\/\/hadiyati.ma\/en\/product\/bloc-note-alpha-personnalise-cahier-bloc-notes-premium-meetpro\/","title":{"rendered":"Bloc note Alpha Personnalis\u00e9 \u2013 Cahier &#038; Bloc\u2011notes Premium | MeetPro"},"content":{"rendered":"<h3 data-start=\"918\" data-end=\"980\">Bloc note Alpha \u2013 Carnet pratique pour tous vos besoins<\/h3>\r\n<p data-start=\"982\" data-end=\"1285\">Le <strong data-start=\"985\" data-end=\"1012\">bloc note Alpha MeetPro<\/strong> est un carnet fiable pens\u00e9 pour tous ceux qui souhaitent <strong data-start=\"1070\" data-end=\"1153\">organiser leurs id\u00e9es, prendre des notes ou planifier leurs t\u00e2ches quotidiennes<\/strong>. Avec son design classique et sa structure simple, il s\u2019adapte \u00e0 tous les usages \u2014 que ce soit au bureau, \u00e0 l\u2019\u00e9cole ou \u00e0 la maison.<\/p>\r\n<p data-start=\"1287\" data-end=\"1464\">Ce carnet l\u00e9ger, facile \u00e0 transporter et agr\u00e9able \u00e0 utiliser, devient rapidement un essentiel dans votre quotidien pour capturer vos pens\u00e9es, listes, rappels ou id\u00e9es cr\u00e9atives.<\/p>\r\n<p data-start=\"1287\" data-end=\"1464\"><strong data-start=\"1478\" data-end=\"1496\">Avantages cl\u00e9s<\/strong><\/p>\r\n<ul data-start=\"1497\" data-end=\"1726\">\r\n<li data-start=\"1497\" data-end=\"1561\">\r\n<p data-start=\"1499\" data-end=\"1561\"><strong data-start=\"1502\" data-end=\"1534\">Papier de qualit\u00e9 sup\u00e9rieure<\/strong> pour une \u00e9criture fluide<\/p>\r\n<\/li>\r\n<li data-start=\"1562\" data-end=\"1618\">\r\n<p data-start=\"1564\" data-end=\"1618\"><strong data-start=\"1567\" data-end=\"1596\">Format simple et pratique<\/strong> \u2014 facile \u00e0 emporter<\/p>\r\n<\/li>\r\n<li data-start=\"1619\" data-end=\"1671\">\r\n<p data-start=\"1621\" data-end=\"1671\"><strong data-start=\"1624\" data-end=\"1644\">Design classique<\/strong> adapt\u00e9 \u00e0 tous les usages<\/p>\r\n<\/li>\r\n<li data-start=\"1672\" data-end=\"1726\">\r\n<p data-start=\"1674\" data-end=\"1726\"><strong data-start=\"1677\" data-end=\"1691\">Polyvalent<\/strong> : notes, listes, objectifs et plus<\/p>\r\n<\/li>\r\n<\/ul>\r\n<h3 data-start=\"1733\" data-end=\"1771\"><strong data-start=\"1740\" data-end=\"1771\">Caract\u00e9ristiques du produit<\/strong><\/h3>\r\n<ul data-start=\"1772\" data-end=\"1911\">\r\n<li data-start=\"1772\" data-end=\"1792\">\r\n<p data-start=\"1774\" data-end=\"1792\">Type : Bloc note<\/p>\r\n<\/li>\r\n<li data-start=\"1793\" data-end=\"1828\">\r\n<p data-start=\"1795\" data-end=\"1828\">Pages : Papier blanc de qualit\u00e9<\/p>\r\n<\/li>\r\n<li data-start=\"1829\" data-end=\"1877\">\r\n<p data-start=\"1831\" data-end=\"1877\">Usage : Notes, r\u00e9unions, id\u00e9es, organisation<\/p>\r\n<\/li>\r\n<li data-start=\"1878\" data-end=\"1911\">\r\n<p data-start=\"1880\" data-end=\"1911\">Style : Classique &amp; fonctionnel<\/p>\r\n<\/li>\r\n<\/ul>\r\n<h3 data-start=\"1918\" data-end=\"1939\"><strong data-start=\"1925\" data-end=\"1939\">Id\u00e9al pour<\/strong><\/h3>\r\n<ul>\r\n<li data-start=\"1940\" data-end=\"2090\">\u00c9tudiants \u2014 prise de notes rapide<\/li>\r\n<li data-start=\"1940\" data-end=\"2090\">Professionnels \u2014 r\u00e9unions et rappels<\/li>\r\n<li data-start=\"1940\" data-end=\"2090\">Usage personnel \u2014 listes &amp; id\u00e9es<\/li>\r\n<li data-start=\"1940\" data-end=\"2090\">Cr\u00e9atifs \u2014 capture d\u2019inspiration<\/li>\r\n<\/ul>","protected":false},"excerpt":{"rendered":"<p data-path-to-node=\"6\">Bloc note Alpha pratique et fonctionnel pour notes, id\u00e9es et t\u00e2ches quotidiennes.<\/p>","protected":false},"featured_media":6643,"comment_status":"open","ping_status":"closed","template":"","meta":{"inline_featured_image":false},"product_brand":[],"product_cat":[136],"product_tag":[],"class_list":{"0":"post-6466","1":"product","2":"type-product","3":"status-publish","4":"has-post-thumbnail","6":"product_cat-bloc-notes","8":"first","9":"instock","10":"shipping-taxable","11":"purchasable","12":"product-type-variable","13":"has-default-attributes"},"_links":{"self":[{"href":"https:\/\/hadiyati.ma\/en\/wp-json\/wp\/v2\/product\/6466","targetHints":{"allow":["GET"]}}],"collection":[{"href":"https:\/\/hadiyati.ma\/en\/wp-json\/wp\/v2\/product"}],"about":[{"href":"https:\/\/hadiyati.ma\/en\/wp-json\/wp\/v2\/types\/product"}],"replies":[{"embeddable":true,"href":"https:\/\/hadiyati.ma\/en\/wp-json\/wp\/v2\/comments?post=6466"}],"wp:featuredmedia":[{"embeddable":true,"href":"https:\/\/hadiyati.ma\/en\/wp-json\/wp\/v2\/media\/6643"}],"wp:attachment":[{"href":"https:\/\/hadiyati.ma\/en\/wp-json\/wp\/v2\/media?parent=6466"}],"wp:term":[{"taxonomy":"product_brand","embeddable":true,"href":"https:\/\/hadiyati.ma\/en\/wp-json\/wp\/v2\/product_brand?post=6466"},{"taxonomy":"product_cat","embeddable":true,"href":"https:\/\/hadiyati.ma\/en\/wp-json\/wp\/v2\/product_cat?post=6466"},{"taxonomy":"product_tag","embeddable":true,"href":"https:\/\/hadiyati.ma\/en\/wp-json\/wp\/v2\/product_tag?post=6466"}],"curies":[{"name":"wp","href":"https:\/\/api.w.org\/{rel}","templated":true}]}}