{"id":6,"date":"2026-02-25T13:42:39","date_gmt":"2026-02-25T13:42:39","guid":{"rendered":"http:\/\/hadiyati.ma\/?page_id=6"},"modified":"2026-02-25T13:42:39","modified_gmt":"2026-02-25T13:42:39","slug":"cart","status":"publish","type":"page","link":"https:\/\/hadiyati.ma\/en\/cart\/","title":{"rendered":"Cart"},"content":{"rendered":"<div data-block-name=\"woocommerce\/cart\" class=\"wp-block-woocommerce-cart alignwide is-loading\">\n<div data-block-name=\"woocommerce\/filled-cart-block\" class=\"wp-block-woocommerce-filled-cart-block\">\n<div data-block-name=\"woocommerce\/cart-items-block\" class=\"wp-block-woocommerce-cart-items-block\">\n<div data-block-name=\"woocommerce\/cart-line-items-block\" class=\"wp-block-woocommerce-cart-line-items-block\"><\/div>\n\n\n<\/div>\n\n\n\n\n<div data-block-name=\"woocommerce\/cart-totals-block\" class=\"wp-block-woocommerce-cart-totals-block\">\n<div data-block-name=\"woocommerce\/cart-order-summary-block\" class=\"wp-block-woocommerce-cart-order-summary-block\">\n<div data-block-name=\"woocommerce\/cart-order-summary-heading-block\" class=\"wp-block-woocommerce-cart-order-summary-heading-block\"><\/div><div data-block-name=\"woocommerce\/cart-order-summary-coupon-form-block\" class=\"wp-block-woocommerce-cart-order-summary-coupon-form-block\"><\/div><div data-block-name=\"woocommerce\/cart-order-summary-totals-block\" class=\"wp-block-woocommerce-cart-order-summary-totals-block\">\n<div data-block-name=\"woocommerce\/cart-order-summary-subtotal-block\" class=\"wp-block-woocommerce-cart-order-summary-subtotal-block\"><\/div>\n<div data-block-name=\"woocommerce\/cart-order-summary-discount-block\" class=\"wp-block-woocommerce-cart-order-summary-discount-block\"><\/div>\n<div data-block-name=\"woocommerce\/cart-order-summary-fee-block\" class=\"wp-block-woocommerce-cart-order-summary-fee-block\"><\/div>\n<div data-block-name=\"woocommerce\/cart-order-summary-shipping-block\" class=\"wp-block-woocommerce-cart-order-summary-shipping-block\"><\/div>\n<div data-block-name=\"woocommerce\/cart-order-summary-taxes-block\" class=\"wp-block-woocommerce-cart-order-summary-taxes-block\"><\/div><\/div>\n<\/div>\n\n\n\n<div data-block-name=\"woocommerce\/cart-express-payment-block\" class=\"wp-block-woocommerce-cart-express-payment-block\"><\/div>\n\n\n\n<div data-block-name=\"woocommerce\/proceed-to-checkout-block\" class=\"wp-block-woocommerce-proceed-to-checkout-block\"><\/div>\n\n\n\n<div data-block-name=\"woocommerce\/cart-accepted-payment-methods-block\" class=\"wp-block-woocommerce-cart-accepted-payment-methods-block\"><\/div>\n<\/div>\n<\/div>\n\n\n\n<div data-block-name=\"woocommerce\/empty-cart-block\" class=\"wp-block-woocommerce-empty-cart-block\">\n<h2 class=\"wp-block-heading has-text-align-center with-empty-cart-icon wc-block-cart__empty-cart__title\">Your cart is currently empty!<\/h2>\n\n\n\n<hr class=\"wp-block-separator has-alpha-channel-opacity is-style-dots\"\/>\n\n\n\n<h2 class=\"wp-block-heading has-text-align-center\">New in store<\/h2>\n\n\n<div data-block-name=\"woocommerce\/product-new\" data-columns=\"4\" data-rows=\"1\" class=\"wc-block-grid wp-block-product-new wp-block-woocommerce-product-new wc-block-product-new has-4-columns\"><ul class=\"wc-block-grid__products\"><li class=\"wc-block-grid__product\">\n\t\t\t\t<a href=\"https:\/\/hadiyati.ma\/en\/product\/boite-a-mouchoirs-luxe-rectangulaire-distributeur-de-mouchoirs-elegant\/\" class=\"wc-block-grid__product-link\">\n\t\t\t\t\t\n\t\t\t\t\t<div class=\"wc-block-grid__product-image\"><img fetchpriority=\"high\" decoding=\"async\" width=\"900\" height=\"900\" src=\"https:\/\/hadiyati.ma\/wp-content\/uploads\/2026\/03\/freepik__isolate-just-this-product-keep-it-same-face-and-ma__77825-1-900x900.webp\" class=\"attachment-woocommerce_thumbnail size-woocommerce_thumbnail\" alt=\"Bo\u00eete \u00e0 Mouchoirs Luxe Rectangulaire \u2013 Distributeur de Mouchoirs \u00c9l\u00e9gant\" srcset=\"https:\/\/hadiyati.ma\/wp-content\/uploads\/2026\/03\/freepik__isolate-just-this-product-keep-it-same-face-and-ma__77825-1-900x900.webp 900w, https:\/\/hadiyati.ma\/wp-content\/uploads\/2026\/03\/freepik__isolate-just-this-product-keep-it-same-face-and-ma__77825-1-150x150.webp 150w, https:\/\/hadiyati.ma\/wp-content\/uploads\/2026\/03\/freepik__isolate-just-this-product-keep-it-same-face-and-ma__77825-1-64x64.webp 64w, https:\/\/hadiyati.ma\/wp-content\/uploads\/2026\/03\/freepik__isolate-just-this-product-keep-it-same-face-and-ma__77825-1-300x300.webp 300w, https:\/\/hadiyati.ma\/wp-content\/uploads\/2026\/03\/freepik__isolate-just-this-product-keep-it-same-face-and-ma__77825-1-768x768.webp 768w, https:\/\/hadiyati.ma\/wp-content\/uploads\/2026\/03\/freepik__isolate-just-this-product-keep-it-same-face-and-ma__77825-1-990x990.webp 990w, https:\/\/hadiyati.ma\/wp-content\/uploads\/2026\/03\/freepik__isolate-just-this-product-keep-it-same-face-and-ma__77825-1-441x441.webp 441w, https:\/\/hadiyati.ma\/wp-content\/uploads\/2026\/03\/freepik__isolate-just-this-product-keep-it-same-face-and-ma__77825-1.webp 1024w\" sizes=\"(max-width: 360px) 147px, (max-width: 900px) 100vw, 900px\" \/><\/div>\n\t\t\t\t\t<div class=\"wc-block-grid__product-title\">Bo\u00eete \u00e0 Mouchoirs Luxe Rectangulaire \u2013 Distributeur de Mouchoirs \u00c9l\u00e9gant<\/div>\n\t\t\t\t<\/a>\n\t\t\t\t<div class=\"wc-block-grid__product-price price\"><span class=\"woocommerce-Price-amount amount\"><span class=\"woocommerce-Price-currencySymbol\">&#036;<\/span>70.00<\/span><\/div>\n\t\t\t\t\n\t\t\t\t<div class=\"wp-block-button wc-block-grid__product-add-to-cart\"><a href=\"\/en\/wp-json\/wp\/v2\/pages\/6?add-to-cart=7624\" aria-label=\"Add to cart: \u201cBo\u00eete \u00e0 Mouchoirs Luxe Rectangulaire \u2013 Distributeur de Mouchoirs \u00c9l\u00e9gant\u201d\" data-quantity=\"1\" data-product_id=\"7624\" data-product_sku=\"\" data-price=\"70\" rel=\"nofollow\" class=\"wp-block-button__link  add_to_cart_button ajax_add_to_cart\" data-no-translation=\"\" data-trp-gettext=\"\" data-no-translation-aria-label=\"\">Add to cart<\/a><\/div>\n\t\t\t<\/li><li class=\"wc-block-grid__product\">\n\t\t\t\t<a href=\"https:\/\/hadiyati.ma\/en\/product\/boite-a-mouchoirs-de-luxe-en-simili-cuir-boite-decorative-elegante\/\" class=\"wc-block-grid__product-link\">\n\t\t\t\t\t\n\t\t\t\t\t<div class=\"wc-block-grid__product-image\"><img decoding=\"async\" width=\"900\" height=\"900\" src=\"https:\/\/hadiyati.ma\/wp-content\/uploads\/2026\/03\/freepik__isolate-this-product-face-and-make-white-backgroun__73649-900x900.webp\" class=\"attachment-woocommerce_thumbnail size-woocommerce_thumbnail\" alt=\"Bo\u00eete \u00e0 Mouchoirs de Luxe en Simili Cuir \u2013 Bo\u00eete D\u00e9corative \u00c9l\u00e9gante\" srcset=\"https:\/\/hadiyati.ma\/wp-content\/uploads\/2026\/03\/freepik__isolate-this-product-face-and-make-white-backgroun__73649-900x900.webp 900w, https:\/\/hadiyati.ma\/wp-content\/uploads\/2026\/03\/freepik__isolate-this-product-face-and-make-white-backgroun__73649-150x150.webp 150w, https:\/\/hadiyati.ma\/wp-content\/uploads\/2026\/03\/freepik__isolate-this-product-face-and-make-white-backgroun__73649-64x64.webp 64w, https:\/\/hadiyati.ma\/wp-content\/uploads\/2026\/03\/freepik__isolate-this-product-face-and-make-white-backgroun__73649-300x300.webp 300w, https:\/\/hadiyati.ma\/wp-content\/uploads\/2026\/03\/freepik__isolate-this-product-face-and-make-white-backgroun__73649-768x768.webp 768w, https:\/\/hadiyati.ma\/wp-content\/uploads\/2026\/03\/freepik__isolate-this-product-face-and-make-white-backgroun__73649-990x990.webp 990w, https:\/\/hadiyati.ma\/wp-content\/uploads\/2026\/03\/freepik__isolate-this-product-face-and-make-white-backgroun__73649-441x441.webp 441w, https:\/\/hadiyati.ma\/wp-content\/uploads\/2026\/03\/freepik__isolate-this-product-face-and-make-white-backgroun__73649.webp 1024w\" sizes=\"(max-width: 360px) 147px, (max-width: 900px) 100vw, 900px\" \/><\/div>\n\t\t\t\t\t<div class=\"wc-block-grid__product-title\">Bo\u00eete \u00e0 Mouchoirs de Luxe en Simili Cuir \u2013 Bo\u00eete D\u00e9corative \u00c9l\u00e9gante<\/div>\n\t\t\t\t<\/a>\n\t\t\t\t<div class=\"wc-block-grid__product-price price\"><span class=\"woocommerce-Price-amount amount\"><span class=\"woocommerce-Price-currencySymbol\">&#036;<\/span>60.00<\/span><\/div>\n\t\t\t\t\n\t\t\t\t<div class=\"wp-block-button wc-block-grid__product-add-to-cart\"><a href=\"https:\/\/hadiyati.ma\/en\/product\/boite-a-mouchoirs-de-luxe-en-simili-cuir-boite-decorative-elegante\/\" aria-label=\"Select options for \u201cBo\u00eete \u00e0 Mouchoirs de Luxe en Simili Cuir \u2013 Bo\u00eete D\u00e9corative \u00c9l\u00e9gante\u201d\" data-quantity=\"1\" data-product_id=\"7621\" data-product_sku=\"\" data-price=\"60\" rel=\"nofollow\" class=\"wp-block-button__link  add_to_cart_button\" data-no-translation=\"\" data-trp-gettext=\"\" data-no-translation-aria-label=\"\">Select options<\/a><\/div>\n\t\t\t<\/li><li class=\"wc-block-grid__product\">\n\t\t\t\t<a href=\"https:\/\/hadiyati.ma\/en\/product\/polaire-manches-longues-homme-col-zippe-chaud\/\" class=\"wc-block-grid__product-link\">\n\t\t\t\t\t\n\t\t\t\t\t<div class=\"wc-block-grid__product-image\"><img decoding=\"async\" width=\"900\" height=\"900\" src=\"https:\/\/hadiyati.ma\/wp-content\/uploads\/2026\/03\/freepik__i-want-this-product-with-white-ffffff-background-a__36294-900x900.webp\" class=\"attachment-woocommerce_thumbnail size-woocommerce_thumbnail\" alt=\"Polaire Manches Longues Homme \u2013 Col Zipp\u00e9 Chaud\" srcset=\"https:\/\/hadiyati.ma\/wp-content\/uploads\/2026\/03\/freepik__i-want-this-product-with-white-ffffff-background-a__36294-900x900.webp 900w, https:\/\/hadiyati.ma\/wp-content\/uploads\/2026\/03\/freepik__i-want-this-product-with-white-ffffff-background-a__36294-150x150.webp 150w, https:\/\/hadiyati.ma\/wp-content\/uploads\/2026\/03\/freepik__i-want-this-product-with-white-ffffff-background-a__36294-64x64.webp 64w, https:\/\/hadiyati.ma\/wp-content\/uploads\/2026\/03\/freepik__i-want-this-product-with-white-ffffff-background-a__36294-300x300.webp 300w, https:\/\/hadiyati.ma\/wp-content\/uploads\/2026\/03\/freepik__i-want-this-product-with-white-ffffff-background-a__36294-768x768.webp 768w, https:\/\/hadiyati.ma\/wp-content\/uploads\/2026\/03\/freepik__i-want-this-product-with-white-ffffff-background-a__36294-990x990.webp 990w, https:\/\/hadiyati.ma\/wp-content\/uploads\/2026\/03\/freepik__i-want-this-product-with-white-ffffff-background-a__36294-441x441.webp 441w, https:\/\/hadiyati.ma\/wp-content\/uploads\/2026\/03\/freepik__i-want-this-product-with-white-ffffff-background-a__36294.webp 1024w\" sizes=\"(max-width: 360px) 147px, (max-width: 900px) 100vw, 900px\" \/><\/div>\n\t\t\t\t\t<div class=\"wc-block-grid__product-title\">Polaire Manches Longues Homme \u2013 Col Zipp\u00e9 Chaud<\/div>\n\t\t\t\t<\/a>\n\t\t\t\t<div class=\"wc-block-grid__product-price price\"><span class=\"woocommerce-Price-amount amount\"><span class=\"woocommerce-Price-currencySymbol\">&#036;<\/span>99.00<\/span><\/div>\n\t\t\t\t\n\t\t\t\t<div class=\"wp-block-button wc-block-grid__product-add-to-cart\"><a href=\"https:\/\/hadiyati.ma\/en\/product\/polaire-manches-longues-homme-col-zippe-chaud\/\" aria-label=\"Select options for \u201cPolaire Manches Longues Homme \u2013 Col Zipp\u00e9 Chaud\u201d\" data-quantity=\"1\" data-product_id=\"7485\" data-product_sku=\"\" data-price=\"99\" rel=\"nofollow\" class=\"wp-block-button__link  add_to_cart_button\" data-no-translation=\"\" data-trp-gettext=\"\" data-no-translation-aria-label=\"\">Select options<\/a><\/div>\n\t\t\t<\/li><li class=\"wc-block-grid__product\">\n\t\t\t\t<a href=\"https:\/\/hadiyati.ma\/en\/product\/t-shirt-personnalise-manches-longues-imprime-sur-mesure\/\" class=\"wc-block-grid__product-link\">\n\t\t\t\t\t\n\t\t\t\t\t<div class=\"wc-block-grid__product-image\"><img loading=\"lazy\" decoding=\"async\" width=\"900\" height=\"900\" src=\"https:\/\/hadiyati.ma\/wp-content\/uploads\/2026\/03\/freepik__i-want-you-to-change-this-face-to-other-ralistic-w__28-900x900.webp\" class=\"attachment-woocommerce_thumbnail size-woocommerce_thumbnail\" alt=\"T-shirt Personnalis\u00e9 Manches Longues | Imprim\u00e9 Sur Mesure\" srcset=\"https:\/\/hadiyati.ma\/wp-content\/uploads\/2026\/03\/freepik__i-want-you-to-change-this-face-to-other-ralistic-w__28-900x900.webp 900w, https:\/\/hadiyati.ma\/wp-content\/uploads\/2026\/03\/freepik__i-want-you-to-change-this-face-to-other-ralistic-w__28-150x150.webp 150w, https:\/\/hadiyati.ma\/wp-content\/uploads\/2026\/03\/freepik__i-want-you-to-change-this-face-to-other-ralistic-w__28-64x64.webp 64w, https:\/\/hadiyati.ma\/wp-content\/uploads\/2026\/03\/freepik__i-want-you-to-change-this-face-to-other-ralistic-w__28-300x300.webp 300w, https:\/\/hadiyati.ma\/wp-content\/uploads\/2026\/03\/freepik__i-want-you-to-change-this-face-to-other-ralistic-w__28-768x768.webp 768w, https:\/\/hadiyati.ma\/wp-content\/uploads\/2026\/03\/freepik__i-want-you-to-change-this-face-to-other-ralistic-w__28-990x990.webp 990w, https:\/\/hadiyati.ma\/wp-content\/uploads\/2026\/03\/freepik__i-want-you-to-change-this-face-to-other-ralistic-w__28-441x441.webp 441w, https:\/\/hadiyati.ma\/wp-content\/uploads\/2026\/03\/freepik__i-want-you-to-change-this-face-to-other-ralistic-w__28.webp 1024w\" sizes=\"(max-width: 360px) 147px, (max-width: 900px) 100vw, 900px\" \/><\/div>\n\t\t\t\t\t<div class=\"wc-block-grid__product-title\">T-shirt Personnalis\u00e9 Manches Longues | Imprim\u00e9 Sur Mesure<\/div>\n\t\t\t\t<\/a>\n\t\t\t\t<div class=\"wc-block-grid__product-price price\"><span class=\"woocommerce-Price-amount amount\"><span class=\"woocommerce-Price-currencySymbol\">&#036;<\/span>48.00<\/span><\/div>\n\t\t\t\t\n\t\t\t\t<div class=\"wp-block-button wc-block-grid__product-add-to-cart\"><a href=\"https:\/\/hadiyati.ma\/en\/product\/t-shirt-personnalise-manches-longues-imprime-sur-mesure\/\" aria-label=\"Select options for \u201cT-shirt Personnalis\u00e9 Manches Longues | Imprim\u00e9 Sur Mesure\u201d\" data-quantity=\"1\" data-product_id=\"7446\" data-product_sku=\"\" data-price=\"48\" rel=\"nofollow\" class=\"wp-block-button__link  add_to_cart_button\" data-no-translation=\"\" data-trp-gettext=\"\" data-no-translation-aria-label=\"\">Select options<\/a><\/div>\n\t\t\t<\/li><\/ul><\/div><\/div>\n<\/div>","protected":false},"excerpt":{"rendered":"","protected":false},"author":1,"featured_media":0,"parent":0,"menu_order":0,"comment_status":"closed","ping_status":"closed","template":"","meta":{"footnotes":""},"class_list":["post-6","page","type-page","status-publish","hentry"],"_hostinger_reach_plugin_has_subscription_block":false,"_hostinger_reach_plugin_is_elementor":false,"_links":{"self":[{"href":"https:\/\/hadiyati.ma\/en\/wp-json\/wp\/v2\/pages\/6","targetHints":{"allow":["GET"]}}],"collection":[{"href":"https:\/\/hadiyati.ma\/en\/wp-json\/wp\/v2\/pages"}],"about":[{"href":"https:\/\/hadiyati.ma\/en\/wp-json\/wp\/v2\/types\/page"}],"author":[{"embeddable":true,"href":"https:\/\/hadiyati.ma\/en\/wp-json\/wp\/v2\/users\/1"}],"replies":[{"embeddable":true,"href":"https:\/\/hadiyati.ma\/en\/wp-json\/wp\/v2\/comments?post=6"}],"version-history":[{"count":0,"href":"https:\/\/hadiyati.ma\/en\/wp-json\/wp\/v2\/pages\/6\/revisions"}],"wp:attachment":[{"href":"https:\/\/hadiyati.ma\/en\/wp-json\/wp\/v2\/media?parent=6"}],"curies":[{"name":"wp","href":"https:\/\/api.w.org\/{rel}","templated":true}]}}