{"id":7380,"date":"2026-03-13T10:52:00","date_gmt":"2026-03-13T10:52:00","guid":{"rendered":"https:\/\/hadiyati.ma\/?post_type=product&#038;p=7380"},"modified":"2026-03-13T10:53:30","modified_gmt":"2026-03-13T10:53:30","slug":"frisbee-publicitaire-personnalise-objet-promotionnel-sportif","status":"publish","type":"product","link":"https:\/\/hadiyati.ma\/ar\/product\/frisbee-publicitaire-personnalise-objet-promotionnel-sportif\/","title":{"rendered":"Frisbee publicitaire personnalis\u00e9 \u2013 Objet promotionnel sportif"},"content":{"rendered":"<h3 data-start=\"1325\" data-end=\"1388\">Frisbee publicitaire : un objet promotionnel fun et visible<\/h3>\n<p data-start=\"1390\" data-end=\"1660\">Le <strong data-start=\"1393\" data-end=\"1430\">frisbee publicitaire personnalis\u00e9<\/strong> est un excellent support de communication pour les marques souhaitant allier <strong data-start=\"1508\" data-end=\"1542\">visibilit\u00e9, plaisir et utilit\u00e9<\/strong>. Utilis\u00e9 \u00e0 la plage, dans les parcs ou lors d\u2019\u00e9v\u00e9nements sportifs, il garantit une exposition maximale de votre logo.<\/p>\n<h3 data-start=\"1662\" data-end=\"1708\">Pourquoi choisir ce frisbee promotionnel ?<\/h3>\n<ul data-start=\"1709\" data-end=\"1956\">\n<li data-start=\"1709\" data-end=\"1772\">\n<p data-start=\"1711\" data-end=\"1772\"><strong data-start=\"1714\" data-end=\"1743\">Large surface de marquage<\/strong> pour votre logo ou message<\/p>\n<\/li>\n<li data-start=\"1773\" data-end=\"1836\">\n<p data-start=\"1775\" data-end=\"1836\">Id\u00e9al pour <strong data-start=\"1789\" data-end=\"1834\">campagnes estivales et \u00e9v\u00e9nements outdoor<\/strong><\/p>\n<\/li>\n<li data-start=\"1837\" data-end=\"1904\">\n<p data-start=\"1839\" data-end=\"1904\">Objet publicitaire sportif, ludique et interg\u00e9n\u00e9rationnel<\/p>\n<\/li>\n<li data-start=\"1905\" data-end=\"1956\">\n<p data-start=\"1907\" data-end=\"1956\">Cadeau promotionnel appr\u00e9ci\u00e9 et r\u00e9utilisable<\/p>\n<\/li>\n<\/ul>\n<h3 data-start=\"1958\" data-end=\"1987\">Personnalisation &amp; usages<\/h3>\n<p data-start=\"1988\" data-end=\"2044\">Ce <strong data-start=\"1991\" data-end=\"2025\">frisbee publicitaire avec logo<\/strong> est parfait pour :<\/p>\n<ul data-start=\"2045\" data-end=\"2193\">\n<li data-start=\"2045\" data-end=\"2078\">\n<p data-start=\"2047\" data-end=\"2078\">salons et foires commerciales<\/p>\n<\/li>\n<li data-start=\"2079\" data-end=\"2102\">\n<p data-start=\"2081\" data-end=\"2102\">\u00e9v\u00e9nements sportifs<\/p>\n<\/li>\n<li data-start=\"2103\" data-end=\"2127\">\n<p data-start=\"2105\" data-end=\"2127\">animations marketing<\/p>\n<\/li>\n<li data-start=\"2128\" data-end=\"2152\">\n<p data-start=\"2130\" data-end=\"2152\">cadeaux d\u2019entreprise<\/p>\n<\/li>\n<li data-start=\"2153\" data-end=\"2193\">\n<p data-start=\"2155\" data-end=\"2193\">campagnes publicitaires grand public<\/p>\n<\/li>\n<\/ul>\n<p data-start=\"2195\" data-end=\"2292\">Gr\u00e2ce \u00e0 sa l\u00e9g\u00e8ret\u00e9 et sa durabilit\u00e9, votre marque accompagne les utilisateurs sur le long terme.<\/p>\n<p data-start=\"2294\" data-end=\"2403\"><strong data-start=\"2297\" data-end=\"2403\">Choisissez un frisbee publicitaire personnalis\u00e9 et transformez chaque lancer en opportunit\u00e9 marketing.<\/strong><\/p>","protected":false},"excerpt":{"rendered":"<p data-start=\"1068\" data-end=\"1273\">Offrez un <strong data-start=\"1078\" data-end=\"1115\">frisbee publicitaire personnalis\u00e9<\/strong> pour booster votre visibilit\u00e9 lors d\u2019\u00e9v\u00e9nements, animations estivales ou campagnes promotionnelles. L\u00e9ger, r\u00e9sistant et fun, il diffuse votre marque partout.<\/p>","protected":false},"featured_media":7423,"comment_status":"open","ping_status":"closed","template":"","meta":[],"product_brand":[],"product_cat":[237],"product_tag":[],"class_list":{"0":"post-7380","1":"product","2":"type-product","3":"status-publish","4":"has-post-thumbnail","6":"product_cat-accessoires-de-plein-air","8":"first","9":"instock","10":"shipping-taxable","11":"purchasable","12":"product-type-variable","13":"has-default-attributes"},"_links":{"self":[{"href":"https:\/\/hadiyati.ma\/ar\/wp-json\/wp\/v2\/product\/7380","targetHints":{"allow":["GET"]}}],"collection":[{"href":"https:\/\/hadiyati.ma\/ar\/wp-json\/wp\/v2\/product"}],"about":[{"href":"https:\/\/hadiyati.ma\/ar\/wp-json\/wp\/v2\/types\/product"}],"replies":[{"embeddable":true,"href":"https:\/\/hadiyati.ma\/ar\/wp-json\/wp\/v2\/comments?post=7380"}],"wp:featuredmedia":[{"embeddable":true,"href":"https:\/\/hadiyati.ma\/ar\/wp-json\/wp\/v2\/media\/7423"}],"wp:attachment":[{"href":"https:\/\/hadiyati.ma\/ar\/wp-json\/wp\/v2\/media?parent=7380"}],"wp:term":[{"taxonomy":"product_brand","embeddable":true,"href":"https:\/\/hadiyati.ma\/ar\/wp-json\/wp\/v2\/product_brand?post=7380"},{"taxonomy":"product_cat","embeddable":true,"href":"https:\/\/hadiyati.ma\/ar\/wp-json\/wp\/v2\/product_cat?post=7380"},{"taxonomy":"product_tag","embeddable":true,"href":"https:\/\/hadiyati.ma\/ar\/wp-json\/wp\/v2\/product_tag?post=7380"}],"curies":[{"name":"wp","href":"https:\/\/api.w.org\/{rel}","templated":true}]}}