{"id":6742,"date":"2026-03-13T10:46:06","date_gmt":"2026-03-13T10:46:06","guid":{"rendered":"https:\/\/hadiyati.ma\/?post_type=product&#038;p=6742"},"modified":"2026-03-13T10:47:01","modified_gmt":"2026-03-13T10:47:01","slug":"stylo-bille-personnalisable-avec-design-texture","status":"publish","type":"product","link":"https:\/\/hadiyati.ma\/ar\/product\/stylo-bille-personnalisable-avec-design-texture\/","title":{"rendered":"Stylo bille personnalisable avec design textur\u00e9"},"content":{"rendered":"<h2 data-start=\"1136\" data-end=\"1223\">Stylo Bille Personnalisable avec Design Textur\u00e9 \u2013 \u00c9l\u00e9gance et Confort d\u2019\u00c9criture<\/h2>\r\n<p data-start=\"1225\" data-end=\"1490\">Le <strong data-start=\"1228\" data-end=\"1279\">stylo bille personnalisable avec design textur\u00e9<\/strong> est un accessoire d\u2019\u00e9criture moderne et pratique, id\u00e9al pour les entreprises, \u00e9v\u00e9nements et campagnes marketing. Son design textur\u00e9 offre une excellente prise en main et un confort optimal lors de l\u2019\u00e9criture.<\/p>\r\n<p data-start=\"1492\" data-end=\"1644\">Ce stylo publicitaire est parfait pour <strong data-start=\"1531\" data-end=\"1604\">mettre en avant votre logo et renforcer la visibilit\u00e9 de votre marque<\/strong> aupr\u00e8s de vos clients et partenaires.<\/p>\r\n<hr data-start=\"1646\" data-end=\"1649\" \/>\r\n<h3 data-start=\"1651\" data-end=\"1684\">Caract\u00e9ristiques du Stylo<\/h3>\r\n<ul data-start=\"1685\" data-end=\"1931\">\r\n<li data-start=\"1685\" data-end=\"1735\">\r\n<p data-start=\"1687\" data-end=\"1735\">Corps textur\u00e9 pour une meilleure prise en main<\/p>\r\n<\/li>\r\n<li data-start=\"1736\" data-end=\"1782\">\r\n<p data-start=\"1738\" data-end=\"1782\">Stylo \u00e0 bille avec encre fluide et durable<\/p>\r\n<\/li>\r\n<li data-start=\"1783\" data-end=\"1812\">\r\n<p data-start=\"1785\" data-end=\"1812\">Design moderne et \u00e9l\u00e9gant<\/p>\r\n<\/li>\r\n<li data-start=\"1813\" data-end=\"1860\">\r\n<p data-start=\"1815\" data-end=\"1860\">Personnalisation avec logo, texte ou slogan<\/p>\r\n<\/li>\r\n<li data-start=\"1861\" data-end=\"1897\">\r\n<p data-start=\"1863\" data-end=\"1897\">Disponible en plusieurs couleurs<\/p>\r\n<\/li>\r\n<li data-start=\"1898\" data-end=\"1931\">\r\n<p data-start=\"1900\" data-end=\"1931\">L\u00e9ger, pratique et \u00e9conomique<\/p>\r\n<\/li>\r\n<\/ul>","protected":false},"excerpt":{"rendered":"<p>D\u00e9couvrez nos <b>stylos bille personnalisables<\/b> avec un <b>design textur\u00e9<\/b> moderne et color\u00e9. Un article phare de la cat\u00e9gorie <b>Stylos &amp; \u00c9criture<\/b>. Disponibles en <b>Orange, Rose, Violet, Bleu Marine<\/b> et plus, ces <b>stylos promotionnels<\/b> garantissent une <b>prise en main ergonomique<\/b> et une <b>\u00e9criture fluide<\/b>. Parfait pour un <b>cadeau d&rsquo;entreprise<\/b> percutant.<\/p>","protected":false},"featured_media":6856,"comment_status":"open","ping_status":"closed","template":"","meta":{"inline_featured_image":false},"product_brand":[],"product_cat":[186],"product_tag":[],"class_list":{"0":"post-6742","1":"product","2":"type-product","3":"status-publish","4":"has-post-thumbnail","6":"product_cat-stylos-ecriture","8":"first","9":"instock","10":"shipping-taxable","11":"purchasable","12":"product-type-variable","13":"has-default-attributes"},"_links":{"self":[{"href":"https:\/\/hadiyati.ma\/ar\/wp-json\/wp\/v2\/product\/6742","targetHints":{"allow":["GET"]}}],"collection":[{"href":"https:\/\/hadiyati.ma\/ar\/wp-json\/wp\/v2\/product"}],"about":[{"href":"https:\/\/hadiyati.ma\/ar\/wp-json\/wp\/v2\/types\/product"}],"replies":[{"embeddable":true,"href":"https:\/\/hadiyati.ma\/ar\/wp-json\/wp\/v2\/comments?post=6742"}],"wp:featuredmedia":[{"embeddable":true,"href":"https:\/\/hadiyati.ma\/ar\/wp-json\/wp\/v2\/media\/6856"}],"wp:attachment":[{"href":"https:\/\/hadiyati.ma\/ar\/wp-json\/wp\/v2\/media?parent=6742"}],"wp:term":[{"taxonomy":"product_brand","embeddable":true,"href":"https:\/\/hadiyati.ma\/ar\/wp-json\/wp\/v2\/product_brand?post=6742"},{"taxonomy":"product_cat","embeddable":true,"href":"https:\/\/hadiyati.ma\/ar\/wp-json\/wp\/v2\/product_cat?post=6742"},{"taxonomy":"product_tag","embeddable":true,"href":"https:\/\/hadiyati.ma\/ar\/wp-json\/wp\/v2\/product_tag?post=6742"}],"curies":[{"name":"wp","href":"https:\/\/api.w.org\/{rel}","templated":true}]}}