{"id":6567,"date":"2026-03-13T10:43:49","date_gmt":"2026-03-13T10:43:49","guid":{"rendered":"https:\/\/hadiyati.ma\/?post_type=product&#038;p=6567"},"modified":"2026-03-13T12:02:44","modified_gmt":"2026-03-13T12:02:44","slug":"toge-de-soutenance-en-satin","status":"publish","type":"product","link":"https:\/\/hadiyati.ma\/ar\/product\/toge-de-soutenance-en-satin\/","title":{"rendered":"Toge de soutenance en Satin"},"content":{"rendered":"<p>Pr\u00e9sentez-vous sous votre meilleur jour avec notre toge de soutenance Sophistiqu\u00e9e en satin, un choix incontournable pour votre prochaine d\u00e9fense de th\u00e8se ou pr\u00e9sentation importante. Disponible en plusieurs tailles, cette tenue s&rsquo;adapte \u00e0 toutes les silhouettes pour un ajustement parfait. Confectionn\u00e9e avec des mat\u00e9riaux de qualit\u00e9, elle garantit un confort optimal et une durabilit\u00e9 remarquable.<\/p>\n<p>Explorez notre palette de huit couleurs s\u00e9lectionn\u00e9es avec soin, comprenant le bordeaux, le noir, le violet, le rouge, le bleu, le bleu marine et le beige. Chaque teinte est pens\u00e9e pour enrichir votre style avec raffinement: Le blanc luxueux, au rose classique, au violet sophistiqu\u00e9, au rouge vibrant, au bleu apaisant, au bleu marine \u00e9l\u00e9gant, et au beige intemporel, et au vert royal. Chacune de ces teintes est pens\u00e9e pour rehausser votre allure avec raffinement.<\/p>\n<p>Que ce soit pour une soutenance de th\u00e8se, un discours professionnel ou tout autre \u00e9v\u00e9nement m\u00e9morable, notre Collection de Soutenance en Velours est votre partenaire pour une apparence distingu\u00e9e et inoubliable. Saisissez cette opportunit\u00e9 d&rsquo;exprimer votre individualit\u00e9 avec \u00e9l\u00e9gance et classe.<\/p>","protected":false},"excerpt":{"rendered":"<p>Cette toge de soutenance Sophistiqu\u00e9e, r\u00e9alis\u00e9e en satin de haute qualit\u00e9, est \u00e0 la fois un choix \u00e9l\u00e9gant et pratique pour votre soutenance ou toute pr\u00e9sentation importante. Disponible en plusieurs tailles, elle assure un ajustement confortable et une durabilit\u00e9 remarquable. Propos\u00e9e dans une vari\u00e9t\u00e9 de teintes, elle vous permet d&rsquo;exprimer votre style personnel avec assurance.<\/p>","protected":false},"featured_media":6476,"comment_status":"open","ping_status":"closed","template":"","meta":{"inline_featured_image":false},"product_brand":[],"product_cat":[155],"product_tag":[127],"class_list":{"0":"post-6567","1":"product","2":"type-product","3":"status-publish","4":"has-post-thumbnail","6":"product_cat-tenues-professionnelles-corporate","7":"product_tag-tenue-de-soutenance","9":"first","10":"instock","11":"shipping-taxable","12":"purchasable","13":"product-type-variable","14":"has-default-attributes"},"_links":{"self":[{"href":"https:\/\/hadiyati.ma\/ar\/wp-json\/wp\/v2\/product\/6567","targetHints":{"allow":["GET"]}}],"collection":[{"href":"https:\/\/hadiyati.ma\/ar\/wp-json\/wp\/v2\/product"}],"about":[{"href":"https:\/\/hadiyati.ma\/ar\/wp-json\/wp\/v2\/types\/product"}],"replies":[{"embeddable":true,"href":"https:\/\/hadiyati.ma\/ar\/wp-json\/wp\/v2\/comments?post=6567"}],"wp:featuredmedia":[{"embeddable":true,"href":"https:\/\/hadiyati.ma\/ar\/wp-json\/wp\/v2\/media\/6476"}],"wp:attachment":[{"href":"https:\/\/hadiyati.ma\/ar\/wp-json\/wp\/v2\/media?parent=6567"}],"wp:term":[{"taxonomy":"product_brand","embeddable":true,"href":"https:\/\/hadiyati.ma\/ar\/wp-json\/wp\/v2\/product_brand?post=6567"},{"taxonomy":"product_cat","embeddable":true,"href":"https:\/\/hadiyati.ma\/ar\/wp-json\/wp\/v2\/product_cat?post=6567"},{"taxonomy":"product_tag","embeddable":true,"href":"https:\/\/hadiyati.ma\/ar\/wp-json\/wp\/v2\/product_tag?post=6567"}],"curies":[{"name":"wp","href":"https:\/\/api.w.org\/{rel}","templated":true}]}}