{"id":6468,"date":"2026-03-12T14:49:31","date_gmt":"2026-03-12T14:49:31","guid":{"rendered":"https:\/\/hadiyati.ma\/?post_type=product&#038;p=6468"},"modified":"2026-03-13T10:44:55","modified_gmt":"2026-03-13T10:44:55","slug":"crayon-hb-en-bois-noir-personnalise-crayons-publicitaires-meetpro","status":"publish","type":"product","link":"https:\/\/hadiyati.ma\/ar\/product\/crayon-hb-en-bois-noir-personnalise-crayons-publicitaires-meetpro\/","title":{"rendered":"Crayon HB en Bois Noir Personnalis\u00e9 \u2013 Crayons Publicitaires | MeetPro"},"content":{"rendered":"<p>Ne sous-estimez jamais l&rsquo;importance d&rsquo;un bon outil d&rsquo;\u00e9criture : le <strong>Crayon HB en bois noir<\/strong> est l&rsquo;accessoire indispensable pour le dessin technique, les croquis ou la prise de notes rapide. Class\u00e9 dans notre collection <strong>Stylos &amp; \u00c9criture<\/strong>, ce crayon offre une mine <strong>HB<\/strong> polyvalente, id\u00e9ale pour un trait net sans \u00eatre trop sec. Son corps en <strong>bois noir<\/strong> mat lui conf\u00e8re une allure professionnelle et moderne, le distinguant des crayons traditionnels. Que vous soyez architecte, \u00e9tudiant ou simplement \u00e0 la recherche d&rsquo;un <strong>crayon de qualit\u00e9 pour le dessin<\/strong> ou l&rsquo;\u00e9criture quotidienne, ce mod\u00e8le est vendu en lot pour garantir que vous ayez toujours un instrument d&rsquo;\u00e9criture fiable et \u00e9l\u00e9gant \u00e0 port\u00e9e de main.<\/p>","protected":false},"excerpt":{"rendered":"<p data-path-to-node=\"7\">Le <b>Crayon HB en bois noir<\/b> est l&rsquo;essentiel du bureau. Faisant partie de notre gamme <b>Stylos &amp; \u00c9criture<\/b>, ce crayon offre une \u00e9criture pr\u00e9cise et un design noir \u00e9l\u00e9gant. Parfait pour les croquis ou les notes rapides. <b>Achetez ce lot de crayons<\/b> pour une performance fiable.<\/p>","protected":false},"featured_media":6661,"comment_status":"open","ping_status":"closed","template":"","meta":{"inline_featured_image":false},"product_brand":[],"product_cat":[186],"product_tag":[],"class_list":{"0":"post-6468","1":"product","2":"type-product","3":"status-publish","4":"has-post-thumbnail","6":"product_cat-stylos-ecriture","8":"first","9":"instock","10":"shipping-taxable","11":"purchasable","12":"product-type-simple"},"_links":{"self":[{"href":"https:\/\/hadiyati.ma\/ar\/wp-json\/wp\/v2\/product\/6468","targetHints":{"allow":["GET"]}}],"collection":[{"href":"https:\/\/hadiyati.ma\/ar\/wp-json\/wp\/v2\/product"}],"about":[{"href":"https:\/\/hadiyati.ma\/ar\/wp-json\/wp\/v2\/types\/product"}],"replies":[{"embeddable":true,"href":"https:\/\/hadiyati.ma\/ar\/wp-json\/wp\/v2\/comments?post=6468"}],"wp:featuredmedia":[{"embeddable":true,"href":"https:\/\/hadiyati.ma\/ar\/wp-json\/wp\/v2\/media\/6661"}],"wp:attachment":[{"href":"https:\/\/hadiyati.ma\/ar\/wp-json\/wp\/v2\/media?parent=6468"}],"wp:term":[{"taxonomy":"product_brand","embeddable":true,"href":"https:\/\/hadiyati.ma\/ar\/wp-json\/wp\/v2\/product_brand?post=6468"},{"taxonomy":"product_cat","embeddable":true,"href":"https:\/\/hadiyati.ma\/ar\/wp-json\/wp\/v2\/product_cat?post=6468"},{"taxonomy":"product_tag","embeddable":true,"href":"https:\/\/hadiyati.ma\/ar\/wp-json\/wp\/v2\/product_tag?post=6468"}],"curies":[{"name":"wp","href":"https:\/\/api.w.org\/{rel}","templated":true}]}}